{"id":180782,"date":"2020-10-06T12:11:26","date_gmt":"2020-10-06T10:11:26","guid":{"rendered":"https:\/\/megacase.com\/?post_type=product&#038;p=180782"},"modified":"2021-02-03T11:11:57","modified_gmt":"2021-02-03T10:11:57","slug":"studio-producer-desk-fpy-wh","status":"publish","type":"product","link":"https:\/\/megacase.com\/de\/produkt\/studio-producer-desk-fpy-wh\/","title":{"rendered":"Studio Producer Desk FPY WH"},"content":{"rendered":"<p>aus 19mm FPY Spanplatte,<br \/>\nTastaturauszug Ablage,<br \/>\nbreite des Auszugs 992mm, Monitorbr\u00fccke,<br \/>\n2x 3U Rackschienen f\u00fcr 19&#8243; (max. Einbautiefe 23 cm) mit Schraubensatz,<br \/>\nKabeldurchf\u00fchrung mit Abdeckkappen,<br \/>\nAu\u00dfenma\u00dfe des aufgebauten Tischs (B x T x H): 1063 x 660 x 934 mm,<br \/>\nArbeitsh\u00f6he: 77,5 cm, H\u00f6he Monitorbr\u00fccke: 16 cm,<br \/>\nFachbreite: 50 cm,<br \/>\nGewicht: 36,3 kg,<br \/>\nFarbe: Wei\u00df,<br \/>\ninkl. Schraubenset,<br \/>\nmade in Germany<br \/>\nHinweis: Tisch wird zerlegt geliefert und muss aufgebaut werden.<\/p>\n","protected":false},"excerpt":{"rendered":"<p>aus 19mm FPY Spanplatte, Tastaturauszug Ablage, breite des Auszugs 992mm, Monitorbr\u00fccke, 2x 3U Rackschienen f\u00fcr 19&#8243; (max. Einbautiefe 23 cm)<\/p>\n","protected":false},"featured_media":180784,"template":"","meta":{"_acf_changed":false},"product_brand":[],"product_cat":[15472],"product_tag":[],"class_list":{"0":"post-180782","1":"product","2":"type-product","3":"status-publish","4":"has-post-thumbnail","6":"product_cat-studio-equipment-2","8":"first","9":"instock","10":"featured","11":"taxable","12":"shipping-taxable","13":"purchasable","14":"product-type-simple"},"acf":[],"_links":{"self":[{"href":"https:\/\/megacase.com\/de\/wp-json\/wp\/v2\/product\/180782","targetHints":{"allow":["GET"]}}],"collection":[{"href":"https:\/\/megacase.com\/de\/wp-json\/wp\/v2\/product"}],"about":[{"href":"https:\/\/megacase.com\/de\/wp-json\/wp\/v2\/types\/product"}],"wp:featuredmedia":[{"embeddable":true,"href":"https:\/\/megacase.com\/de\/wp-json\/wp\/v2\/media\/180784"}],"wp:attachment":[{"href":"https:\/\/megacase.com\/de\/wp-json\/wp\/v2\/media?parent=180782"}],"wp:term":[{"taxonomy":"product_brand","embeddable":true,"href":"https:\/\/megacase.com\/de\/wp-json\/wp\/v2\/product_brand?post=180782"},{"taxonomy":"product_cat","embeddable":true,"href":"https:\/\/megacase.com\/de\/wp-json\/wp\/v2\/product_cat?post=180782"},{"taxonomy":"product_tag","embeddable":true,"href":"https:\/\/megacase.com\/de\/wp-json\/wp\/v2\/product_tag?post=180782"}],"curies":[{"name":"wp","href":"https:\/\/api.w.org\/{rel}","templated":true}]}}