{"id":179957,"date":"2020-10-05T10:58:24","date_gmt":"2020-10-05T08:58:24","guid":{"rendered":"https:\/\/megacase.com\/?post_type=product&#038;p=179957"},"modified":"2026-03-25T15:54:49","modified_gmt":"2026-03-25T14:54:49","slug":"truhencase-cameo-matrix-panel-3-ww-4in1-mit-rollen","status":"publish","type":"product","link":"https:\/\/megacase.com\/de\/produkt\/truhencase-cameo-matrix-panel-3-ww-4in1-mit-rollen\/","title":{"rendered":"Truhencase Cameo Matrix Panel 3 WW 4in1+wheel"},"content":{"rendered":"<p>5 x 5 LED&#8217;s enth\u00e4llt ein Panel von Cameo. 4 St\u00fcck dieses hochwertigen B\u00fchnenlichtes<br \/>\npassen in das Truhen Case.<br \/>\nOptimal angepasst sitzten die Cameos zwischen den Schaumstoffschienen.<br \/>\naus 6,5 mm Birkenmultiplex Holz<br \/>\nPhenolharz beschichtet braun,<br \/>\n30&#215;30 mm Alukante,<br \/>\nSchaumstoffpolsterung,<br \/>\n2 gefederte Butterfly-Verschl\u00fcsse,<br \/>\n4 Klappgriffe,<br \/>\n4 Lenkrolle 100 mm davon sind 2 gebremst,<br \/>\nhergestellt in Deutschland,<br \/>\nAu\u00dfenma\u00dfe BxTxH ca. 605x445x840 mm, Gewicht ca. 23,6 kg<\/p>\n<p>&nbsp;<\/p>\n","protected":false},"excerpt":{"rendered":"<p>5 x 5 LED&#8217;s enth\u00e4llt ein Panel von Cameo. 4 St\u00fcck dieses hochwertigen B\u00fchnenlichtes passen in das Truhen Case. Optimal<\/p>\n","protected":false},"featured_media":179977,"template":"","meta":{"_acf_changed":false},"product_brand":[],"product_cat":[13627],"product_tag":[13725],"class_list":{"0":"post-179957","1":"product","2":"type-product","3":"status-publish","4":"has-post-thumbnail","6":"product_cat-lichtcases","7":"product_tag-cameo","9":"first","10":"instock","11":"taxable","12":"shipping-taxable","13":"purchasable","14":"product-type-simple"},"acf":[],"_links":{"self":[{"href":"https:\/\/megacase.com\/de\/wp-json\/wp\/v2\/product\/179957","targetHints":{"allow":["GET"]}}],"collection":[{"href":"https:\/\/megacase.com\/de\/wp-json\/wp\/v2\/product"}],"about":[{"href":"https:\/\/megacase.com\/de\/wp-json\/wp\/v2\/types\/product"}],"wp:featuredmedia":[{"embeddable":true,"href":"https:\/\/megacase.com\/de\/wp-json\/wp\/v2\/media\/179977"}],"wp:attachment":[{"href":"https:\/\/megacase.com\/de\/wp-json\/wp\/v2\/media?parent=179957"}],"wp:term":[{"taxonomy":"product_brand","embeddable":true,"href":"https:\/\/megacase.com\/de\/wp-json\/wp\/v2\/product_brand?post=179957"},{"taxonomy":"product_cat","embeddable":true,"href":"https:\/\/megacase.com\/de\/wp-json\/wp\/v2\/product_cat?post=179957"},{"taxonomy":"product_tag","embeddable":true,"href":"https:\/\/megacase.com\/de\/wp-json\/wp\/v2\/product_tag?post=179957"}],"curies":[{"name":"wp","href":"https:\/\/api.w.org\/{rel}","templated":true}]}}