{"id":179715,"date":"2020-10-01T14:13:09","date_gmt":"2020-10-01T12:13:09","guid":{"rendered":"https:\/\/megacase.com\/?post_type=product&#038;p=179715"},"modified":"2026-03-25T15:54:50","modified_gmt":"2026-03-25T14:54:50","slug":"3he-eco-ii-compact-rack-23-phenol","status":"publish","type":"product","link":"https:\/\/megacase.com\/de\/produkt\/3he-eco-ii-compact-rack-23-phenol\/","title":{"rendered":"3HE ECO II compact Rack 23 phenol"},"content":{"rendered":"<p>Nutzh\u00f6he 3HE<br \/>\nEinbautiefe 22 cm<br \/>\n7 mm Birkenmultiplex phenol,<br \/>\n22&#215;22 \/ 25x25mm Alukante<br \/>\n4 Schnappschl\u00f6sser,<br \/>\n1 Koffergriff<br \/>\n4 Gummif\u00fc\u00dfe<br \/>\nkleine Stahlkugelecken<br \/>\nstufenlose Rackschiene, incl. Schraubensatz<br \/>\nAu\u00dfenma\u00dfe ca. BxTxH 535x335x180 mm<br \/>\nGewicht ca. 4,5 kg<br \/>\nJedes 19 Zoll Rack von Megacase ist garantiert &#8222;Made in Germany&#8220;.<\/p>\n","protected":false},"excerpt":{"rendered":"<p>Nutzh\u00f6he 3HE Einbautiefe 22 cm 7 mm Birkenmultiplex phenol, 22&#215;22 \/ 25x25mm Alukante 4 Schnappschl\u00f6sser, 1 Koffergriff 4 Gummif\u00fc\u00dfe kleine<\/p>\n","protected":false},"featured_media":0,"template":"","meta":{"_acf_changed":false},"product_brand":[],"product_cat":[13510],"product_tag":[],"class_list":{"0":"post-179715","1":"product","2":"type-product","3":"status-publish","5":"product_cat-racks","7":"first","8":"instock","9":"taxable","10":"shipping-taxable","11":"purchasable","12":"product-type-simple"},"acf":[],"_links":{"self":[{"href":"https:\/\/megacase.com\/de\/wp-json\/wp\/v2\/product\/179715","targetHints":{"allow":["GET"]}}],"collection":[{"href":"https:\/\/megacase.com\/de\/wp-json\/wp\/v2\/product"}],"about":[{"href":"https:\/\/megacase.com\/de\/wp-json\/wp\/v2\/types\/product"}],"wp:attachment":[{"href":"https:\/\/megacase.com\/de\/wp-json\/wp\/v2\/media?parent=179715"}],"wp:term":[{"taxonomy":"product_brand","embeddable":true,"href":"https:\/\/megacase.com\/de\/wp-json\/wp\/v2\/product_brand?post=179715"},{"taxonomy":"product_cat","embeddable":true,"href":"https:\/\/megacase.com\/de\/wp-json\/wp\/v2\/product_cat?post=179715"},{"taxonomy":"product_tag","embeddable":true,"href":"https:\/\/megacase.com\/de\/wp-json\/wp\/v2\/product_tag?post=179715"}],"curies":[{"name":"wp","href":"https:\/\/api.w.org\/{rel}","templated":true}]}}