{"id":179654,"date":"2020-10-01T13:54:47","date_gmt":"2020-10-01T11:54:47","guid":{"rendered":"https:\/\/megacase.com\/?post_type=product&#038;p=179654"},"modified":"2026-03-25T15:54:50","modified_gmt":"2026-03-25T14:54:50","slug":"winkelcase-fuer-mobilen-unterricht","status":"publish","type":"product","link":"https:\/\/megacase.com\/de\/produkt\/winkelcase-fuer-mobilen-unterricht\/","title":{"rendered":"Winkelcase f\u00fcr mobilen Unterricht"},"content":{"rendered":"<p>Kompaktes Winkel Case auf Rollen mit Schaumstoffpolsterung und Fachunterteilung<br \/>\nf\u00fcr ein mobiles Klassenzimmer.<br \/>\nDurch die einzelnen F\u00e4cher ist alles zusammen was man f\u00fcr einien mobilen Unterricht ben\u00f6tigt<br \/>\n6,8mm Birkenmultiplex phenol<br \/>\n30 x 30mm Alukante<br \/>\n8 Butterflys mittel<br \/>\n4 Klappgriffe mittel<br \/>\n2 Deckelscharniere mit Klick in Schale<br \/>\n2 Scherenaufsteller zum fixieren des Deckels<br \/>\nFachunterteilung f\u00fcr:<br \/>\nInterface, Maus und Tastatur PC<br \/>\nMonitor, Speaker und TLM Koffer<br \/>\nStativteller<br \/>\n2 Schubalden f\u00fcr Kamera Mikro und Kabel.<br \/>\nvorderer Deckel kann rechts oder links als Tisch eingeh\u00e4ngt werden.<br \/>\nInnenausbau<br \/>\nSchaumstoffpolsterung<br \/>\n4 Lenkrollen davon 2 gebremst<br \/>\nhergestellt in Deutschland<br \/>\nAu\u00dfenma\u00dfe BxTxH ca.: 725 x 585 x 1500 mm<br \/>\nGewicht ca.: 70,7 kg<\/p>\n","protected":false},"excerpt":{"rendered":"<p>Kompaktes Winkel Case auf Rollen mit Schaumstoffpolsterung und Fachunterteilung f\u00fcr ein mobiles Klassenzimmer. Durch die einzelnen F\u00e4cher ist alles zusammen<\/p>\n","protected":false},"featured_media":179707,"template":"","meta":{"_acf_changed":false},"product_brand":[],"product_cat":[13576],"product_tag":[],"class_list":{"0":"post-179654","1":"product","2":"type-product","3":"status-publish","4":"has-post-thumbnail","6":"product_cat-cases-fuer-computer-und-zubehoer","8":"first","9":"instock","10":"taxable","11":"shipping-taxable","12":"purchasable","13":"product-type-simple"},"acf":[],"_links":{"self":[{"href":"https:\/\/megacase.com\/de\/wp-json\/wp\/v2\/product\/179654","targetHints":{"allow":["GET"]}}],"collection":[{"href":"https:\/\/megacase.com\/de\/wp-json\/wp\/v2\/product"}],"about":[{"href":"https:\/\/megacase.com\/de\/wp-json\/wp\/v2\/types\/product"}],"wp:featuredmedia":[{"embeddable":true,"href":"https:\/\/megacase.com\/de\/wp-json\/wp\/v2\/media\/179707"}],"wp:attachment":[{"href":"https:\/\/megacase.com\/de\/wp-json\/wp\/v2\/media?parent=179654"}],"wp:term":[{"taxonomy":"product_brand","embeddable":true,"href":"https:\/\/megacase.com\/de\/wp-json\/wp\/v2\/product_brand?post=179654"},{"taxonomy":"product_cat","embeddable":true,"href":"https:\/\/megacase.com\/de\/wp-json\/wp\/v2\/product_cat?post=179654"},{"taxonomy":"product_tag","embeddable":true,"href":"https:\/\/megacase.com\/de\/wp-json\/wp\/v2\/product_tag?post=179654"}],"curies":[{"name":"wp","href":"https:\/\/api.w.org\/{rel}","templated":true}]}}