{"id":179039,"date":"2020-09-30T11:47:50","date_gmt":"2020-09-30T09:47:50","guid":{"rendered":"https:\/\/megacase.com\/?post_type=product&#038;p=179039"},"modified":"2026-03-25T15:54:52","modified_gmt":"2026-03-25T14:54:52","slug":"megaflex-roadcase-90-bk-wheel","status":"publish","type":"product","link":"https:\/\/megacase.com\/de\/produkt\/megaflex-roadcase-90-bk-wheel\/","title":{"rendered":"Megaflex Roadcase 90 BK + wheel"},"content":{"rendered":"<p>Kein Kabelsalat mehr, keine losen Einzelteile. Mit den System Truhen bringen Sie Ordnung in Ihr wertvolles Equipment und Zubeh\u00f6r. Die Option von Trennwandsets (Rasterschienen mit<br \/>\nTrennbretter), erm\u00f6glicht Ihnen noch strukturierter aufzur\u00e4umen. Falls Sie Ihren R\u00fccken schonen wollen, entscheiden Sie sich f\u00fcr die Variante mit Lenkrollen. Mit zwei gebremsten und zwei ungebremsten &#8222;Blue Wheels&#8220; erleichtern sie das<br \/>\nHandling sp\u00fcrbar. Nie wieder schwere &#8222;Kisten&#8220; schleppen und \u00fcber die B\u00fchne zerren. Jede Truhe von MegaCases ist garantiert &#8222;Made in Germany&#8220;.<\/p>\n<p>Material 9 mm Multiplex Holz, schwarz PVC beschichtet<br \/>\n35&#215;35 mm Alukanten mit Nietrille<br \/>\nMale\/Female Schlie\u00dfprofil<br \/>\nKugelecken gro\u00df gestuft<br \/>\n2 gefederte Butterfly-Verschl\u00fcsse gro\u00df mit Andruckfeder<br \/>\n2 Deckelfeststeller (heavy)<br \/>\n8 Klappgriffe Session (heavy)<br \/>\n4 Lenkrolle 100 mm davon 2\u00b4 gebremst (Tragkraft 450 kg)<br \/>\n4x Radmulden (Stapelmulden)<br \/>\nflexible Einteilung in 13,6 mm Raster<br \/>\n2 Trennw\u00e4nde (weitere auf Anfrage optional erh\u00e4ltlich)<br \/>\nTourlabel<br \/>\nAu\u00dfenma\u00dfe BxTxH 925x625x800 mm<br \/>\nInnenma\u00dfe (BxTxH) 890x550x610 mm<br \/>\nGewicht: 45,1 kg<br \/>\nhergestellt in Deutschland<\/p>\n","protected":false},"excerpt":{"rendered":"<p>Kein Kabelsalat mehr, keine losen Einzelteile. Mit den System Truhen bringen Sie Ordnung in Ihr wertvolles Equipment und Zubeh\u00f6r. Die<\/p>\n","protected":false},"featured_media":249887,"template":"","meta":{"_acf_changed":false},"product_brand":[],"product_cat":[13509],"product_tag":[14710],"class_list":{"0":"post-179039","1":"product","2":"type-product","3":"status-publish","4":"has-post-thumbnail","6":"product_cat-truhen-cases","7":"product_tag-megaflex","9":"first","10":"instock","11":"taxable","12":"shipping-taxable","13":"purchasable","14":"product-type-simple"},"acf":[],"_links":{"self":[{"href":"https:\/\/megacase.com\/de\/wp-json\/wp\/v2\/product\/179039","targetHints":{"allow":["GET"]}}],"collection":[{"href":"https:\/\/megacase.com\/de\/wp-json\/wp\/v2\/product"}],"about":[{"href":"https:\/\/megacase.com\/de\/wp-json\/wp\/v2\/types\/product"}],"wp:featuredmedia":[{"embeddable":true,"href":"https:\/\/megacase.com\/de\/wp-json\/wp\/v2\/media\/249887"}],"wp:attachment":[{"href":"https:\/\/megacase.com\/de\/wp-json\/wp\/v2\/media?parent=179039"}],"wp:term":[{"taxonomy":"product_brand","embeddable":true,"href":"https:\/\/megacase.com\/de\/wp-json\/wp\/v2\/product_brand?post=179039"},{"taxonomy":"product_cat","embeddable":true,"href":"https:\/\/megacase.com\/de\/wp-json\/wp\/v2\/product_cat?post=179039"},{"taxonomy":"product_tag","embeddable":true,"href":"https:\/\/megacase.com\/de\/wp-json\/wp\/v2\/product_tag?post=179039"}],"curies":[{"name":"wp","href":"https:\/\/api.w.org\/{rel}","templated":true}]}}