{"id":178422,"date":"2020-09-26T17:01:20","date_gmt":"2020-09-26T15:01:20","guid":{"rendered":"https:\/\/megacase.com\/?post_type=product&#038;p=178422"},"modified":"2026-03-25T15:54:56","modified_gmt":"2026-03-25T14:54:56","slug":"megaflex-wanne-120cm","status":"publish","type":"product","link":"https:\/\/megacase.com\/de\/produkt\/megaflex-wanne-120cm\/","title":{"rendered":"Megaflex Wanne 120cm"},"content":{"rendered":"<p>Einlegewanne passend f\u00fcr Kabeltruhe Megaflex<br \/>\n<a href=\"https:\/\/megacase.com\/de\/produkt\/kabeltruhe-megaflex-120-schwarz-rollen-gebremst\/\">168189 megaflex<\/a><br \/>\n15 mm Birkenmultiplex<br \/>\nschwarz lackiert mit einem strapazierf\u00e4higem Strukturlack<br \/>\nflache Gummif\u00fcsse unten<br \/>\nseitliche Griffmulden gefr\u00e4st<br \/>\nAussenma\u00dfe BxTxH 1170x573x195 mm<br \/>\nGewicht ca.12,4 kg<\/p>\n","protected":false},"excerpt":{"rendered":"<p>Einlegewanne passend f\u00fcr Kabeltruhe Megaflex 168189 megaflex 15 mm Birkenmultiplex schwarz lackiert mit einem strapazierf\u00e4higem Strukturlack flache Gummif\u00fcsse unten seitliche<\/p>\n","protected":false},"featured_media":178423,"template":"","meta":{"_acf_changed":false},"product_brand":[],"product_cat":[13512],"product_tag":[14710],"class_list":{"0":"post-178422","1":"product","2":"type-product","3":"status-publish","4":"has-post-thumbnail","6":"product_cat-case-zubehoer","7":"product_tag-megaflex","9":"first","10":"instock","11":"taxable","12":"shipping-taxable","13":"purchasable","14":"product-type-simple"},"acf":[],"_links":{"self":[{"href":"https:\/\/megacase.com\/de\/wp-json\/wp\/v2\/product\/178422","targetHints":{"allow":["GET"]}}],"collection":[{"href":"https:\/\/megacase.com\/de\/wp-json\/wp\/v2\/product"}],"about":[{"href":"https:\/\/megacase.com\/de\/wp-json\/wp\/v2\/types\/product"}],"wp:featuredmedia":[{"embeddable":true,"href":"https:\/\/megacase.com\/de\/wp-json\/wp\/v2\/media\/178423"}],"wp:attachment":[{"href":"https:\/\/megacase.com\/de\/wp-json\/wp\/v2\/media?parent=178422"}],"wp:term":[{"taxonomy":"product_brand","embeddable":true,"href":"https:\/\/megacase.com\/de\/wp-json\/wp\/v2\/product_brand?post=178422"},{"taxonomy":"product_cat","embeddable":true,"href":"https:\/\/megacase.com\/de\/wp-json\/wp\/v2\/product_cat?post=178422"},{"taxonomy":"product_tag","embeddable":true,"href":"https:\/\/megacase.com\/de\/wp-json\/wp\/v2\/product_tag?post=178422"}],"curies":[{"name":"wp","href":"https:\/\/api.w.org\/{rel}","templated":true}]}}