{"id":178338,"date":"2020-09-25T21:54:03","date_gmt":"2020-09-25T19:54:03","guid":{"rendered":"https:\/\/megacase.com\/?post_type=product&#038;p=178338"},"modified":"2026-03-25T15:54:57","modified_gmt":"2026-03-25T14:54:57","slug":"trennbrett-megaflex-roadcase-56x60","status":"publish","type":"product","link":"https:\/\/megacase.com\/de\/produkt\/trennbrett-megaflex-roadcase-56x60\/","title":{"rendered":"Trennbrett Megaflex Roadcase 56&#215;60"},"content":{"rendered":"<p>Trennbrett passend f\u00fcr Multiflex Roadcase<br \/>\n<a href=\"https:\/\/megacase.com\/de\/produkt\/kabeltruhe-megaflex-60-rollen-gebremst\/\">243748 Multiflex 60<\/a><br \/>\n168190 Multiflex 80<br \/>\n302759 Multiflex 90<br \/>\n<a href=\"https:\/\/megacase.com\/de\/produkt\/kabeltruhe-megaflex-120-schwarz-rollen-gebremst\/\">168189 Multiflex 120<\/a><br \/>\n9 mm Birkenmultiplex<br \/>\nFarbe Phenolharz beschichtet<br \/>\nmit gefr\u00e4ster Griffmulde<br \/>\nDas Brett verj\u00fcngt sich auch unten um besser in die Rasterleisten eingef\u00fchrt werden zu k\u00f6nnen.<br \/>\nMa\u00dfe (BxH): 562&#215;606 mm<br \/>\nGewicht: ca. 2,0 kg<br \/>\nhergestellt in Deutschland<\/p>\n","protected":false},"excerpt":{"rendered":"<p>Trennbrett passend f\u00fcr Multiflex Roadcase 243748 Multiflex 60 168190 Multiflex 80 302759 Multiflex 90 168189 Multiflex 120 9 mm Birkenmultiplex<\/p>\n","protected":false},"featured_media":178348,"template":"","meta":{"_acf_changed":false},"product_brand":[],"product_cat":[13508,13512],"product_tag":[14710],"class_list":{"0":"post-178338","1":"product","2":"type-product","3":"status-publish","4":"has-post-thumbnail","6":"product_cat-universal-flightcases","7":"product_cat-case-zubehoer","8":"product_tag-megaflex","10":"first","11":"instock","12":"taxable","13":"shipping-taxable","14":"purchasable","15":"product-type-simple"},"acf":[],"_links":{"self":[{"href":"https:\/\/megacase.com\/de\/wp-json\/wp\/v2\/product\/178338","targetHints":{"allow":["GET"]}}],"collection":[{"href":"https:\/\/megacase.com\/de\/wp-json\/wp\/v2\/product"}],"about":[{"href":"https:\/\/megacase.com\/de\/wp-json\/wp\/v2\/types\/product"}],"wp:featuredmedia":[{"embeddable":true,"href":"https:\/\/megacase.com\/de\/wp-json\/wp\/v2\/media\/178348"}],"wp:attachment":[{"href":"https:\/\/megacase.com\/de\/wp-json\/wp\/v2\/media?parent=178338"}],"wp:term":[{"taxonomy":"product_brand","embeddable":true,"href":"https:\/\/megacase.com\/de\/wp-json\/wp\/v2\/product_brand?post=178338"},{"taxonomy":"product_cat","embeddable":true,"href":"https:\/\/megacase.com\/de\/wp-json\/wp\/v2\/product_cat?post=178338"},{"taxonomy":"product_tag","embeddable":true,"href":"https:\/\/megacase.com\/de\/wp-json\/wp\/v2\/product_tag?post=178338"}],"curies":[{"name":"wp","href":"https:\/\/api.w.org\/{rel}","templated":true}]}}