{"id":177576,"date":"2020-09-22T14:54:41","date_gmt":"2020-09-22T12:54:41","guid":{"rendered":"https:\/\/megacase.com\/?post_type=product&#038;p=177576"},"modified":"2026-03-25T15:55:01","modified_gmt":"2026-03-25T14:55:01","slug":"flightcase-lara-bevandor-3-zubehoer-rg","status":"publish","type":"product","link":"https:\/\/megacase.com\/de\/produkt\/flightcase-lara-bevandor-3-zubehoer-rg\/","title":{"rendered":"Flightcase Lara Bevandor 3\/4 Zubeh\u00f6r"},"content":{"rendered":"<p>passendes Truhencase mit Schaumstoffpolsterung und Fachunterteilung f\u00fcr das Zubeh\u00f6r der<br \/>\nLara Bevandor 3 oder 4 Getr\u00e4nkestation,<br \/>\nbestehend aus: Pumpe, Wasserkanister und K\u00fchlung<br \/>\nCase besteht aus:<br \/>\n6,8 mm Birkenmultiplex beschichtet<br \/>\nFarbe: schwarz<br \/>\n30x30mm Alukante<br \/>\n2 butterflys mittel<br \/>\n8 Flachecke mittel<br \/>\n2 Klappgriffe mikttel<br \/>\nSchaumstoffpolsterung<br \/>\nAu\u00dfenma\u00dfe BxTxH ca.: 700 x 600 x 610 mm<br \/>\nGewicht ca.: 23 kg<br \/>\nHergestellt in Deutschland<\/p>\n","protected":false},"excerpt":{"rendered":"<p>passendes Truhencase mit Schaumstoffpolsterung und Fachunterteilung f\u00fcr das Zubeh\u00f6r der Lara Bevandor 3 oder 4 Getr\u00e4nkestation, bestehend aus: Pumpe, Wasserkanister<\/p>\n","protected":false},"featured_media":177577,"template":"","meta":{"_acf_changed":false},"product_brand":[],"product_cat":[13565],"product_tag":[],"class_list":{"0":"post-177576","1":"product","2":"type-product","3":"status-publish","4":"has-post-thumbnail","6":"product_cat-catering-und-event-cases","8":"first","9":"instock","10":"taxable","11":"shipping-taxable","12":"purchasable","13":"product-type-simple"},"acf":[],"_links":{"self":[{"href":"https:\/\/megacase.com\/de\/wp-json\/wp\/v2\/product\/177576","targetHints":{"allow":["GET"]}}],"collection":[{"href":"https:\/\/megacase.com\/de\/wp-json\/wp\/v2\/product"}],"about":[{"href":"https:\/\/megacase.com\/de\/wp-json\/wp\/v2\/types\/product"}],"wp:featuredmedia":[{"embeddable":true,"href":"https:\/\/megacase.com\/de\/wp-json\/wp\/v2\/media\/177577"}],"wp:attachment":[{"href":"https:\/\/megacase.com\/de\/wp-json\/wp\/v2\/media?parent=177576"}],"wp:term":[{"taxonomy":"product_brand","embeddable":true,"href":"https:\/\/megacase.com\/de\/wp-json\/wp\/v2\/product_brand?post=177576"},{"taxonomy":"product_cat","embeddable":true,"href":"https:\/\/megacase.com\/de\/wp-json\/wp\/v2\/product_cat?post=177576"},{"taxonomy":"product_tag","embeddable":true,"href":"https:\/\/megacase.com\/de\/wp-json\/wp\/v2\/product_tag?post=177576"}],"curies":[{"name":"wp","href":"https:\/\/api.w.org\/{rel}","templated":true}]}}