{"id":177450,"date":"2020-09-22T14:24:22","date_gmt":"2020-09-22T12:24:22","guid":{"rendered":"https:\/\/megacase.com\/?post_type=product&#038;p=177450"},"modified":"2026-03-25T15:55:02","modified_gmt":"2026-03-25T14:55:02","slug":"transportcase-5x-laptop-5x-monitor","status":"publish","type":"product","link":"https:\/\/megacase.com\/de\/produkt\/transportcase-5x-laptop-5x-monitor\/","title":{"rendered":"Transportcase 5x Laptop + 5x Monitor"},"content":{"rendered":"<p>Transportcase mit Schaumstoffpolsterung und einem gepolsterten Zubeh\u00f6rfach<br \/>\npassend f\u00fcr 5 Laptops mit den Ma\u00dfen von 366 x 253 x 20,2 mm und<br \/>\n5 Display&#8217;s mit den Ma\u00dfen von 324 x 208 x 14 mm<br \/>\nCase besteht aus:<br \/>\n6,8mm Birkenmultiplex beschichtet<br \/>\nFarbe: orange RAL 2008<br \/>\n30 x 30mm Alukante<br \/>\n2 Butterflys mittel mit \u00d6se f\u00fcr ein Vorh\u00e4ngeschloss<br \/>\n2 Klappgriffe mittel<br \/>\n6 Kugelecken mittel<br \/>\n4 Gummif\u00fc\u00dfe 38 x 20 mm<br \/>\n2 Eckeinbaurollen 48mm<br \/>\n1 eingelassenen Ausziehgriff 2-Stufig<br \/>\npassende Schaumstoffpolsterung f\u00fcr 5 LapTop&#8217;s und 5 Bildschirme<br \/>\n22cm breites Zubeh\u00f6rfach gepolstert<br \/>\nhergestellt in Deutschland<br \/>\nAu\u00dfenma\u00dfe BxTxH ca.: 835 x 460 x 383 mm<br \/>\nGewicht ca.: 15,8kg<\/p>\n","protected":false},"excerpt":{"rendered":"<p>Transportcase mit Schaumstoffpolsterung und einem gepolsterten Zubeh\u00f6rfach passend f\u00fcr 5 Laptops mit den Ma\u00dfen von 366 x 253 x 20,2<\/p>\n","protected":false},"featured_media":177479,"template":"","meta":{"_acf_changed":false},"product_brand":[],"product_cat":[13562,13612],"product_tag":[],"class_list":{"0":"post-177450","1":"product","2":"type-product","3":"status-publish","4":"has-post-thumbnail","6":"product_cat-netbook-koffer","7":"product_cat-display-monitor","9":"first","10":"instock","11":"taxable","12":"shipping-taxable","13":"purchasable","14":"product-type-simple"},"acf":[],"_links":{"self":[{"href":"https:\/\/megacase.com\/de\/wp-json\/wp\/v2\/product\/177450","targetHints":{"allow":["GET"]}}],"collection":[{"href":"https:\/\/megacase.com\/de\/wp-json\/wp\/v2\/product"}],"about":[{"href":"https:\/\/megacase.com\/de\/wp-json\/wp\/v2\/types\/product"}],"wp:featuredmedia":[{"embeddable":true,"href":"https:\/\/megacase.com\/de\/wp-json\/wp\/v2\/media\/177479"}],"wp:attachment":[{"href":"https:\/\/megacase.com\/de\/wp-json\/wp\/v2\/media?parent=177450"}],"wp:term":[{"taxonomy":"product_brand","embeddable":true,"href":"https:\/\/megacase.com\/de\/wp-json\/wp\/v2\/product_brand?post=177450"},{"taxonomy":"product_cat","embeddable":true,"href":"https:\/\/megacase.com\/de\/wp-json\/wp\/v2\/product_cat?post=177450"},{"taxonomy":"product_tag","embeddable":true,"href":"https:\/\/megacase.com\/de\/wp-json\/wp\/v2\/product_tag?post=177450"}],"curies":[{"name":"wp","href":"https:\/\/api.w.org\/{rel}","templated":true}]}}