{"id":177259,"date":"2020-09-21T20:29:11","date_gmt":"2020-09-21T18:29:11","guid":{"rendered":"https:\/\/megacase.com\/?post_type=product&#038;p=177259"},"modified":"2026-03-25T15:55:03","modified_gmt":"2026-03-25T14:55:03","slug":"flightcase-pan-acoustic-speaker","status":"publish","type":"product","link":"https:\/\/megacase.com\/de\/produkt\/flightcase-pan-acoustic-speaker\/","title":{"rendered":"Flightcase PAN Acoustic Speaker"},"content":{"rendered":"<p>Heavy Truhencase passend f\u00fcr 4x Standsockel inkl. PAN Speaker bestehend aus 2 Modulen<br \/>\nDeckel abnehmbar, Aufteilung zerlegt auf 3 Ebenen, davon sind 2 durch Wannen herausnehmbar<br \/>\ndahinter Fach f\u00fcr 4 Standf\u00fc\u00dfe + Zubeh\u00f6rfach<br \/>\n9mm Birkenmultiplex phenol<br \/>\n35x35mm Alukante,<br \/>\n4x Butterfly gro\u00df<br \/>\n8x Klappgriff gro\u00df<br \/>\n8x Kugelecke gro\u00df gekr\u00f6pft f\u00fcr 35mm 2-Loch<br \/>\n4x L-Ecke gro\u00df sechs Loch gekr\u00f6pft<br \/>\nSchaumstoff,<br \/>\nInnenausbau<br \/>\n4x1100mm Lenkrollen \/ 2x gebremst<br \/>\nAu\u00dfenma\u00dfe BxTxH ca.: 1570 x 770 x 780<br \/>\nGewicht ca.: 105kg<br \/>\nHergestellt in Deutschland<\/p>\n<p>Hinwei\u00df: abgebildete Ger\u00e4te sind nicht Bestandteil des Angebotes und dienen lediglich der Veranschaulichung!!!<\/p>\n","protected":false},"excerpt":{"rendered":"<p>Heavy Truhencase passend f\u00fcr 4x Standsockel inkl. PAN Speaker bestehend aus 2 Modulen Deckel abnehmbar, Aufteilung zerlegt auf 3 Ebenen,<\/p>\n","protected":false},"featured_media":177276,"template":"","meta":{"_acf_changed":false},"product_brand":[],"product_cat":[13579],"product_tag":[],"class_list":{"0":"post-177259","1":"product","2":"type-product","3":"status-publish","4":"has-post-thumbnail","6":"product_cat-audio-cases","8":"first","9":"instock","10":"taxable","11":"shipping-taxable","12":"purchasable","13":"product-type-simple"},"acf":[],"_links":{"self":[{"href":"https:\/\/megacase.com\/de\/wp-json\/wp\/v2\/product\/177259","targetHints":{"allow":["GET"]}}],"collection":[{"href":"https:\/\/megacase.com\/de\/wp-json\/wp\/v2\/product"}],"about":[{"href":"https:\/\/megacase.com\/de\/wp-json\/wp\/v2\/types\/product"}],"wp:featuredmedia":[{"embeddable":true,"href":"https:\/\/megacase.com\/de\/wp-json\/wp\/v2\/media\/177276"}],"wp:attachment":[{"href":"https:\/\/megacase.com\/de\/wp-json\/wp\/v2\/media?parent=177259"}],"wp:term":[{"taxonomy":"product_brand","embeddable":true,"href":"https:\/\/megacase.com\/de\/wp-json\/wp\/v2\/product_brand?post=177259"},{"taxonomy":"product_cat","embeddable":true,"href":"https:\/\/megacase.com\/de\/wp-json\/wp\/v2\/product_cat?post=177259"},{"taxonomy":"product_tag","embeddable":true,"href":"https:\/\/megacase.com\/de\/wp-json\/wp\/v2\/product_tag?post=177259"}],"curies":[{"name":"wp","href":"https:\/\/api.w.org\/{rel}","templated":true}]}}