{"id":176485,"date":"2020-09-21T06:51:06","date_gmt":"2020-09-21T04:51:06","guid":{"rendered":"https:\/\/megacase.com\/?post_type=product&#038;p=176485"},"modified":"2026-03-25T15:55:07","modified_gmt":"2026-03-25T14:55:07","slug":"case-ma-on-pc-commandwingfaderwing","status":"publish","type":"product","link":"https:\/\/megacase.com\/de\/produkt\/case-ma-on-pc-commandwingfaderwing\/","title":{"rendered":"Case MA on PC Commandwing+Faderwing"},"content":{"rendered":"<p>Winkel Flightcase f\u00fcr MA on PC Commandwing + Faderwing<br \/>\nmit Monitorbr\u00fccke und Tastaturauszug und Eckrollen.<br \/>\nCase ist passend f\u00fcr Hannspree HT 225 Monitore.<br \/>\nmaximale Gr\u00f6\u00dfe vom Monitor 490 x 299 x 48 mm<br \/>\n7 mm Birkenmultiplex<br \/>\nFarbe Schwarz<br \/>\nFront- und Topdeckel zum abnehmen<br \/>\nSchaumstoffpolsterung<br \/>\n5 Klappgriffe<br \/>\n8 Butterfly Verschl\u00fcsse<br \/>\n6 Gummif\u00fc\u00dfe<br \/>\n1 Eckeinbaurolle &#8211; Skater<br \/>\n1 Kanteneinbaurolle &#8211; Skater<br \/>\nStahlkugelecken<br \/>\nHergestellt in Deutschland<br \/>\nAu\u00dfenma\u00dfe: BxTxH 1200x740x345 mm<br \/>\nGewicht: 40,2 kg<\/p>\n<p>&nbsp;<\/p>\n<h4>nicht passend f\u00fcr GrandMA3<\/h4>\n","protected":false},"excerpt":{"rendered":"<p>Winkel Flightcase f\u00fcr MA on PC Commandwing + Faderwing mit Monitorbr\u00fccke und Tastaturauszug und Eckrollen. Case ist passend f\u00fcr Hannspree<\/p>\n","protected":false},"featured_media":176486,"template":"","meta":{"_acf_changed":false},"product_brand":[],"product_cat":[13495,13572],"product_tag":[14874],"class_list":{"0":"post-176485","1":"product","2":"type-product","3":"status-publish","4":"has-post-thumbnail","6":"product_cat-mischpult-cases","7":"product_cat-ma-lighting","8":"product_tag-m-a-lighting","10":"first","11":"instock","12":"taxable","13":"shipping-taxable","14":"purchasable","15":"product-type-simple"},"acf":[],"_links":{"self":[{"href":"https:\/\/megacase.com\/de\/wp-json\/wp\/v2\/product\/176485","targetHints":{"allow":["GET"]}}],"collection":[{"href":"https:\/\/megacase.com\/de\/wp-json\/wp\/v2\/product"}],"about":[{"href":"https:\/\/megacase.com\/de\/wp-json\/wp\/v2\/types\/product"}],"wp:featuredmedia":[{"embeddable":true,"href":"https:\/\/megacase.com\/de\/wp-json\/wp\/v2\/media\/176486"}],"wp:attachment":[{"href":"https:\/\/megacase.com\/de\/wp-json\/wp\/v2\/media?parent=176485"}],"wp:term":[{"taxonomy":"product_brand","embeddable":true,"href":"https:\/\/megacase.com\/de\/wp-json\/wp\/v2\/product_brand?post=176485"},{"taxonomy":"product_cat","embeddable":true,"href":"https:\/\/megacase.com\/de\/wp-json\/wp\/v2\/product_cat?post=176485"},{"taxonomy":"product_tag","embeddable":true,"href":"https:\/\/megacase.com\/de\/wp-json\/wp\/v2\/product_tag?post=176485"}],"curies":[{"name":"wp","href":"https:\/\/api.w.org\/{rel}","templated":true}]}}