{"id":176397,"date":"2020-09-18T12:17:03","date_gmt":"2020-09-18T10:17:03","guid":{"rendered":"https:\/\/megacase.com\/?post_type=product&#038;p=176397"},"modified":"2026-03-25T15:55:08","modified_gmt":"2026-03-25T14:55:08","slug":"cd-player-case-pioneer-cdj-3000","status":"publish","type":"product","link":"https:\/\/megacase.com\/de\/produkt\/cd-player-case-pioneer-cdj-3000\/","title":{"rendered":"CD Player Case Pioneer CDJ 3000"},"content":{"rendered":"<p>Neues CD Player Case f\u00fcr einen Pioneer CDJ 3000<br \/>\nDie Anschl\u00fcsse des Players sind bei ge\u00f6ffnetem Flightcase frei zug\u00e4nglich.<br \/>\naus 6,5 mm Birkenmultiplex Holz<br \/>\nPhenolharz beschichtet braun<br \/>\n25&#215;25 mm Aluminiumprofil,<br \/>\n2 Butterfly Verschluss,<br \/>\n1 Koffergriff,<br \/>\nStahlkugelecken,<br \/>\nSchaumstoffpolsterung nach Ma\u00df im Boden und Deckel,<br \/>\nGummif\u00fc\u00dfe,<br \/>\ndas Ger\u00e4t kann im Case bedient werden,<br \/>\n10 cm Kabelkanal,<br \/>\nAu\u00dfenma\u00dfe BxTxH 410 x 565 x 220 mm<br \/>\nGewicht. 5,9 mit. Player 11,4 kg<br \/>\nHergestellt in Deutschland<\/p>\n","protected":false},"excerpt":{"rendered":"<p>Neues CD Player Case f\u00fcr einen Pioneer CDJ 3000 Die Anschl\u00fcsse des Players sind bei ge\u00f6ffnetem Flightcase frei zug\u00e4nglich. aus<\/p>\n","protected":false},"featured_media":260321,"template":"","meta":{"_acf_changed":false},"product_brand":[],"product_cat":[13493],"product_tag":[13757],"class_list":{"0":"post-176397","1":"product","2":"type-product","3":"status-publish","4":"has-post-thumbnail","6":"product_cat-dj-equipment-cases","7":"product_tag-pioneer","9":"first","10":"instock","11":"taxable","12":"shipping-taxable","13":"purchasable","14":"product-type-simple"},"acf":[],"_links":{"self":[{"href":"https:\/\/megacase.com\/de\/wp-json\/wp\/v2\/product\/176397","targetHints":{"allow":["GET"]}}],"collection":[{"href":"https:\/\/megacase.com\/de\/wp-json\/wp\/v2\/product"}],"about":[{"href":"https:\/\/megacase.com\/de\/wp-json\/wp\/v2\/types\/product"}],"wp:featuredmedia":[{"embeddable":true,"href":"https:\/\/megacase.com\/de\/wp-json\/wp\/v2\/media\/260321"}],"wp:attachment":[{"href":"https:\/\/megacase.com\/de\/wp-json\/wp\/v2\/media?parent=176397"}],"wp:term":[{"taxonomy":"product_brand","embeddable":true,"href":"https:\/\/megacase.com\/de\/wp-json\/wp\/v2\/product_brand?post=176397"},{"taxonomy":"product_cat","embeddable":true,"href":"https:\/\/megacase.com\/de\/wp-json\/wp\/v2\/product_cat?post=176397"},{"taxonomy":"product_tag","embeddable":true,"href":"https:\/\/megacase.com\/de\/wp-json\/wp\/v2\/product_tag?post=176397"}],"curies":[{"name":"wp","href":"https:\/\/api.w.org\/{rel}","templated":true}]}}