{"id":176224,"date":"2020-09-17T12:27:39","date_gmt":"2020-09-17T10:27:39","guid":{"rendered":"https:\/\/megacase.com\/?post_type=product&#038;p=176224"},"modified":"2026-03-25T15:55:11","modified_gmt":"2026-03-25T14:55:11","slug":"flightcase-access-virus-ti2-desktop-kk","status":"publish","type":"product","link":"https:\/\/megacase.com\/de\/produkt\/flightcase-access-virus-ti2-desktop-kk\/","title":{"rendered":"Flightcase Access Virus TI2 Desktop + KK"},"content":{"rendered":"<p>Haubencase wird passend f\u00fcr Access Virus TI2 Desktop inkl. Platz f\u00fcr Netzteil und Kabel gebaut<br \/>\nGer\u00e4t kann im Unterteil bedient werden<br \/>\n6,5 mm Birkenmultiplex<br \/>\nFarbe Phenolharz beschichtet<br \/>\n22&#215;22 mm Alukante<br \/>\n8 Kugelecke<br \/>\n2 Butterflyverschl\u00fcsse<br \/>\n1 Koffergriff<br \/>\n4 Gummif\u00fc\u00dfe<br \/>\nAu\u00dfenma\u00dfe BxTxH 502x335x134 mm<br \/>\nGewicht: 3,8 kg<br \/>\nHergestellt in Deutschland<\/p>\n","protected":false},"excerpt":{"rendered":"<p>Haubencase wird passend f\u00fcr Access Virus TI2 Desktop inkl. Platz f\u00fcr Netzteil und Kabel gebaut Ger\u00e4t kann im Unterteil bedient<\/p>\n","protected":false},"featured_media":176261,"template":"","meta":{"_acf_changed":false},"product_brand":[],"product_cat":[14023],"product_tag":[],"class_list":{"0":"post-176224","1":"product","2":"type-product","3":"status-publish","4":"has-post-thumbnail","6":"product_cat-synthesizer-anwendungsgebiete","8":"first","9":"instock","10":"taxable","11":"shipping-taxable","12":"purchasable","13":"product-type-simple"},"acf":[],"_links":{"self":[{"href":"https:\/\/megacase.com\/de\/wp-json\/wp\/v2\/product\/176224","targetHints":{"allow":["GET"]}}],"collection":[{"href":"https:\/\/megacase.com\/de\/wp-json\/wp\/v2\/product"}],"about":[{"href":"https:\/\/megacase.com\/de\/wp-json\/wp\/v2\/types\/product"}],"wp:featuredmedia":[{"embeddable":true,"href":"https:\/\/megacase.com\/de\/wp-json\/wp\/v2\/media\/176261"}],"wp:attachment":[{"href":"https:\/\/megacase.com\/de\/wp-json\/wp\/v2\/media?parent=176224"}],"wp:term":[{"taxonomy":"product_brand","embeddable":true,"href":"https:\/\/megacase.com\/de\/wp-json\/wp\/v2\/product_brand?post=176224"},{"taxonomy":"product_cat","embeddable":true,"href":"https:\/\/megacase.com\/de\/wp-json\/wp\/v2\/product_cat?post=176224"},{"taxonomy":"product_tag","embeddable":true,"href":"https:\/\/megacase.com\/de\/wp-json\/wp\/v2\/product_tag?post=176224"}],"curies":[{"name":"wp","href":"https:\/\/api.w.org\/{rel}","templated":true}]}}