{"id":176023,"date":"2020-09-17T10:07:16","date_gmt":"2020-09-17T08:07:16","guid":{"rendered":"https:\/\/megacase.com\/?post_type=product&#038;p=176023"},"modified":"2026-03-25T15:55:12","modified_gmt":"2026-03-25T14:55:12","slug":"case-dj-table-160x60-z-style","status":"publish","type":"product","link":"https:\/\/megacase.com\/de\/produkt\/case-dj-table-160x60-z-style\/","title":{"rendered":"Case DJ Table 160&#215;60 Z-Style"},"content":{"rendered":"<p>DJ Table mit einer Arbeitsfl\u00e4che von 60 x 160 cm<br \/>\nDer Tisch steht stabil durch Verstrebungen der einzelnen Kofferteile.<br \/>\nH\u00f6henausgleich durch Stellf\u00fc\u00dfe<br \/>\nArbeitsh\u00f6he ca. 90 cm<br \/>\n7 mm Birkenmultiplex<br \/>\nFarbe Schwarz RAL 9004<br \/>\n30&#215;30 mm Alukante,<br \/>\n8 Butterfly Verschl\u00fcsse mittel 12 mm gefedert,<br \/>\n4 Klappgriff mittel gefedert 8 mm Schale ,<br \/>\n8 Flachecke mittel ,<br \/>\n2 Eckeinbaurollen<br \/>\n4 Gummif\u00fc\u00dfe<br \/>\nSchaumstoffw\u00fcrfel<br \/>\nAu\u00dfenma\u00dfe BxTxH ca.: 1630 x 610 x 270 mm<br \/>\nGewicht: 29,8 kg<\/p>\n<p>hergestellt in Deutschland<\/p>\n","protected":false},"excerpt":{"rendered":"<p>DJ Table mit einer Arbeitsfl\u00e4che von 60 x 160 cm Der Tisch steht stabil durch Verstrebungen der einzelnen Kofferteile. H\u00f6henausgleich<\/p>\n","protected":false},"featured_media":176120,"template":"","meta":{"_acf_changed":false},"product_brand":[],"product_cat":[13493],"product_tag":[],"class_list":{"0":"post-176023","1":"product","2":"type-product","3":"status-publish","4":"has-post-thumbnail","6":"product_cat-dj-equipment-cases","8":"first","9":"instock","10":"taxable","11":"shipping-taxable","12":"purchasable","13":"product-type-simple"},"acf":[],"_links":{"self":[{"href":"https:\/\/megacase.com\/de\/wp-json\/wp\/v2\/product\/176023","targetHints":{"allow":["GET"]}}],"collection":[{"href":"https:\/\/megacase.com\/de\/wp-json\/wp\/v2\/product"}],"about":[{"href":"https:\/\/megacase.com\/de\/wp-json\/wp\/v2\/types\/product"}],"wp:featuredmedia":[{"embeddable":true,"href":"https:\/\/megacase.com\/de\/wp-json\/wp\/v2\/media\/176120"}],"wp:attachment":[{"href":"https:\/\/megacase.com\/de\/wp-json\/wp\/v2\/media?parent=176023"}],"wp:term":[{"taxonomy":"product_brand","embeddable":true,"href":"https:\/\/megacase.com\/de\/wp-json\/wp\/v2\/product_brand?post=176023"},{"taxonomy":"product_cat","embeddable":true,"href":"https:\/\/megacase.com\/de\/wp-json\/wp\/v2\/product_cat?post=176023"},{"taxonomy":"product_tag","embeddable":true,"href":"https:\/\/megacase.com\/de\/wp-json\/wp\/v2\/product_tag?post=176023"}],"curies":[{"name":"wp","href":"https:\/\/api.w.org\/{rel}","templated":true}]}}