{"id":175949,"date":"2020-09-17T09:41:16","date_gmt":"2020-09-17T07:41:16","guid":{"rendered":"https:\/\/megacase.com\/?post_type=product&#038;p=175949"},"modified":"2026-03-25T15:55:12","modified_gmt":"2026-03-25T14:55:12","slug":"flightcase-obsidian-control-nx-touchprolite-t2252","status":"publish","type":"product","link":"https:\/\/megacase.com\/de\/produkt\/flightcase-obsidian-control-nx-touchprolite-t2252\/","title":{"rendered":"Flightcase Obsidian Control NX-Touch+Prolite T2252"},"content":{"rendered":"<p>passendes Winkelcase mit Schaumstoffpolsterung f\u00fcr ein Obsidian Control NX-Touch<br \/>\ninkl. iiyamaProlite T2252MSC-B1 Monitor im Deckel, unter Obsidian Platz f\u00fcr Zubeh\u00f6r<br \/>\nCase besteht aus:<br \/>\n6,8mm Birkenmultiplex phenolharz beschichtet<br \/>\n22 x 22mm Alukante<br \/>\n4 Butterflys schmal<br \/>\n3 Klappgriffe schmal<br \/>\n8 Kugelecken klein<br \/>\n1 Deckelscharnier mit Klick<br \/>\n2 Scharnierst\u00fccke<br \/>\n2 Scherenaufsteller zum fixieren des Deckels<br \/>\n4 Gummif\u00fc\u00dfe 25 x 15 mm<br \/>\nMonitor wird per Vesa-Aufnahme im Case befestigt<br \/>\nObsidian wird auf Ablagebrettbefestigt<br \/>\nunten gefilzter Ablageboden inkl. Klettstreifen<br \/>\nAu\u00dfenma\u00dfe BxTxh ca.: 570 x 390 x 240 mm<br \/>\nGewicht ca.: 9,2kg<br \/>\nhergestellt in Deutschland<\/p>\n","protected":false},"excerpt":{"rendered":"<p>passendes Winkelcase mit Schaumstoffpolsterung f\u00fcr ein Obsidian Control NX-Touch inkl. iiyamaProlite T2252MSC-B1 Monitor im Deckel, unter Obsidian Platz f\u00fcr Zubeh\u00f6r<\/p>\n","protected":false},"featured_media":175970,"template":"","meta":{"_acf_changed":false},"product_brand":[],"product_cat":[13612,13495],"product_tag":[],"class_list":{"0":"post-175949","1":"product","2":"type-product","3":"status-publish","4":"has-post-thumbnail","6":"product_cat-display-monitor","7":"product_cat-mischpult-cases","9":"first","10":"instock","11":"taxable","12":"shipping-taxable","13":"purchasable","14":"product-type-simple"},"acf":[],"_links":{"self":[{"href":"https:\/\/megacase.com\/de\/wp-json\/wp\/v2\/product\/175949","targetHints":{"allow":["GET"]}}],"collection":[{"href":"https:\/\/megacase.com\/de\/wp-json\/wp\/v2\/product"}],"about":[{"href":"https:\/\/megacase.com\/de\/wp-json\/wp\/v2\/types\/product"}],"wp:featuredmedia":[{"embeddable":true,"href":"https:\/\/megacase.com\/de\/wp-json\/wp\/v2\/media\/175970"}],"wp:attachment":[{"href":"https:\/\/megacase.com\/de\/wp-json\/wp\/v2\/media?parent=175949"}],"wp:term":[{"taxonomy":"product_brand","embeddable":true,"href":"https:\/\/megacase.com\/de\/wp-json\/wp\/v2\/product_brand?post=175949"},{"taxonomy":"product_cat","embeddable":true,"href":"https:\/\/megacase.com\/de\/wp-json\/wp\/v2\/product_cat?post=175949"},{"taxonomy":"product_tag","embeddable":true,"href":"https:\/\/megacase.com\/de\/wp-json\/wp\/v2\/product_tag?post=175949"}],"curies":[{"name":"wp","href":"https:\/\/api.w.org\/{rel}","templated":true}]}}