{"id":175714,"date":"2020-09-17T08:31:31","date_gmt":"2020-09-17T06:31:31","guid":{"rendered":"https:\/\/megacase.com\/?post_type=product&#038;p=175714"},"modified":"2026-03-25T15:55:14","modified_gmt":"2026-03-25T14:55:14","slug":"15he-l-case-soundcraft-si-impact","status":"publish","type":"product","link":"https:\/\/megacase.com\/de\/produkt\/15he-l-case-soundcraft-si-impact\/","title":{"rendered":"15HE L-Case Soundcraft SI Impact"},"content":{"rendered":"<p>Live Winkel Case mit Ablage und Schaumstoffpolsterung f\u00fcr ein Soundcraft SI Impact<br \/>\ninkl. 15HE darunter zur freien Best\u00fcckung. Ger\u00e4te k\u00f6nnen fest im Case verkabelt werden<br \/>\nCase besteht aus:<br \/>\n6,8mm Birkenmultiplex phenolharz beschichtet<br \/>\n30 x 30mm Alukante<br \/>\n8 Butterflys mittel<br \/>\n4 Klappgriffe mittel<br \/>\n2 Kantengriffe<br \/>\n8 Kugelecken mittel gestuft<br \/>\n1 Serviceklappe gro\u00df hinten rechts zur Verkabelung<br \/>\n4 Lenkrollen davon 2 gebremst<br \/>\n2 Rollbrettstreifen<br \/>\nAu\u00dfenma\u00dfe BxTxH ca.: 830 x 700 x 1070 mm<br \/>\nGewicht ca.: 44kg<br \/>\nhergestellt in Deutschland<\/p>\n","protected":false},"excerpt":{"rendered":"<p>Live Winkel Case mit Ablage und Schaumstoffpolsterung f\u00fcr ein Soundcraft SI Impact inkl. 15HE darunter zur freien Best\u00fcckung. Ger\u00e4te k\u00f6nnen<\/p>\n","protected":false},"featured_media":175715,"template":"","meta":{"_acf_changed":false},"product_brand":[],"product_cat":[13495,13510],"product_tag":[],"class_list":{"0":"post-175714","1":"product","2":"type-product","3":"status-publish","4":"has-post-thumbnail","6":"product_cat-mischpult-cases","7":"product_cat-racks","9":"first","10":"instock","11":"taxable","12":"shipping-taxable","13":"purchasable","14":"product-type-simple"},"acf":[],"_links":{"self":[{"href":"https:\/\/megacase.com\/de\/wp-json\/wp\/v2\/product\/175714","targetHints":{"allow":["GET"]}}],"collection":[{"href":"https:\/\/megacase.com\/de\/wp-json\/wp\/v2\/product"}],"about":[{"href":"https:\/\/megacase.com\/de\/wp-json\/wp\/v2\/types\/product"}],"wp:featuredmedia":[{"embeddable":true,"href":"https:\/\/megacase.com\/de\/wp-json\/wp\/v2\/media\/175715"}],"wp:attachment":[{"href":"https:\/\/megacase.com\/de\/wp-json\/wp\/v2\/media?parent=175714"}],"wp:term":[{"taxonomy":"product_brand","embeddable":true,"href":"https:\/\/megacase.com\/de\/wp-json\/wp\/v2\/product_brand?post=175714"},{"taxonomy":"product_cat","embeddable":true,"href":"https:\/\/megacase.com\/de\/wp-json\/wp\/v2\/product_cat?post=175714"},{"taxonomy":"product_tag","embeddable":true,"href":"https:\/\/megacase.com\/de\/wp-json\/wp\/v2\/product_tag?post=175714"}],"curies":[{"name":"wp","href":"https:\/\/api.w.org\/{rel}","templated":true}]}}