{"id":175644,"date":"2020-09-17T08:14:57","date_gmt":"2020-09-17T06:14:57","guid":{"rendered":"https:\/\/megacase.com\/?post_type=product&#038;p=175644"},"modified":"2026-03-25T15:55:14","modified_gmt":"2026-03-25T14:55:14","slug":"case-roland-td-30-sound-modulfach","status":"publish","type":"product","link":"https:\/\/megacase.com\/de\/produkt\/case-roland-td-30-sound-modulfach\/","title":{"rendered":"Case Roland TD-30 Sound Modul+Fach"},"content":{"rendered":"<p>Truhencase f\u00fcr ein Roland TD-30 mit montierter Halterung + Zubeh\u00f6r<br \/>\nCase wird in der H\u00f6he in Etagen unterteilt mit herausnehmbaren Zwischenb\u00f6den<br \/>\nunten ein 6cm hohes Fach &#8211; mit Polsterung<br \/>\nmittig ein 15cm hohes Fach mit Schaumstoffpolsterung<br \/>\noben ein gepolstertes Fach f\u00fcr ein Roland TD 30 Modul mit montierter Halterung<br \/>\n6,5mm Birke phenol,<br \/>\n25x25mm Alukante,<br \/>\n1x Butterfly mittel,<br \/>\n2x Klappgriff mittel,<br \/>\n2x Feststellscharnier gro\u00df,<br \/>\n4x Kugelecke medium,<br \/>\n4x Kugelecke mit L-Ecke medium,<br \/>\nInnenausbau,<br \/>\nSchaumstoffpolsterung,<br \/>\nhergestellt in Deutschland<br \/>\nAu\u00dfenma\u00dfe BxTxH ca.: 500 x 365 x 455 mm<br \/>\nGewicht ca.: 9,1kg<\/p>\n","protected":false},"excerpt":{"rendered":"<p>Truhencase f\u00fcr ein Roland TD-30 mit montierter Halterung + Zubeh\u00f6r Case wird in der H\u00f6he in Etagen unterteilt mit herausnehmbaren<\/p>\n","protected":false},"featured_media":175705,"template":"","meta":{"_acf_changed":false},"product_brand":[],"product_cat":[15518],"product_tag":[],"class_list":{"0":"post-175644","1":"product","2":"type-product","3":"status-publish","4":"has-post-thumbnail","6":"product_cat-drum-equipment-case","8":"first","9":"instock","10":"taxable","11":"shipping-taxable","12":"purchasable","13":"product-type-simple"},"acf":[],"_links":{"self":[{"href":"https:\/\/megacase.com\/de\/wp-json\/wp\/v2\/product\/175644","targetHints":{"allow":["GET"]}}],"collection":[{"href":"https:\/\/megacase.com\/de\/wp-json\/wp\/v2\/product"}],"about":[{"href":"https:\/\/megacase.com\/de\/wp-json\/wp\/v2\/types\/product"}],"wp:featuredmedia":[{"embeddable":true,"href":"https:\/\/megacase.com\/de\/wp-json\/wp\/v2\/media\/175705"}],"wp:attachment":[{"href":"https:\/\/megacase.com\/de\/wp-json\/wp\/v2\/media?parent=175644"}],"wp:term":[{"taxonomy":"product_brand","embeddable":true,"href":"https:\/\/megacase.com\/de\/wp-json\/wp\/v2\/product_brand?post=175644"},{"taxonomy":"product_cat","embeddable":true,"href":"https:\/\/megacase.com\/de\/wp-json\/wp\/v2\/product_cat?post=175644"},{"taxonomy":"product_tag","embeddable":true,"href":"https:\/\/megacase.com\/de\/wp-json\/wp\/v2\/product_tag?post=175644"}],"curies":[{"name":"wp","href":"https:\/\/api.w.org\/{rel}","templated":true}]}}