{"id":174999,"date":"2020-09-16T13:48:13","date_gmt":"2020-09-16T11:48:13","guid":{"rendered":"https:\/\/megacase.com\/?post_type=product&#038;p=174999"},"modified":"2026-03-25T15:55:17","modified_gmt":"2026-03-25T14:55:17","slug":"guitarcase-jackson-pro-gus-g-star-ivory","status":"publish","type":"product","link":"https:\/\/megacase.com\/de\/produkt\/guitarcase-jackson-pro-gus-g-star-ivory\/","title":{"rendered":"Guitarcase Jackson Pro Gus G.Star Ivory"},"content":{"rendered":"<p>Gitarrencase mit passenden Schaumstoffinlay<br \/>\nf\u00fcr eine Jackson Pro Gus G. Star Ivory Gitarre<br \/>\nmit 2 F\u00e4chern f\u00fcr Zubeh\u00f6r<br \/>\n7 mm Birke phenol<br \/>\n22\/22 Alukante<br \/>\n2 gefederte Butterfly mini<br \/>\n1 Kofferschloss abschlie\u00dfbar<br \/>\n1 Ledergriff<br \/>\n3 Feststellscharnier gro\u00df<br \/>\n4 Kugelecke klein<br \/>\n4 Kugelecke klein L-Ecke<br \/>\nSchaumstoff<br \/>\nHergestellt in Deutschland<br \/>\nAu\u00dfenma\u00dfe BxTxH ca.: 1212 x 515 x 174 mm<br \/>\nGewicht ca.: 11,4<\/p>\n","protected":false},"excerpt":{"rendered":"<p>Gitarrencase mit passenden Schaumstoffinlay f\u00fcr eine Jackson Pro Gus G. Star Ivory Gitarre mit 2 F\u00e4chern f\u00fcr Zubeh\u00f6r 7 mm<\/p>\n","protected":false},"featured_media":175008,"template":"","meta":{"_acf_changed":false},"product_brand":[],"product_cat":[13594],"product_tag":[],"class_list":{"0":"post-174999","1":"product","2":"type-product","3":"status-publish","4":"has-post-thumbnail","6":"product_cat-cases-fuer-gitarre-bass-cases","8":"first","9":"instock","10":"taxable","11":"shipping-taxable","12":"purchasable","13":"product-type-simple"},"acf":[],"_links":{"self":[{"href":"https:\/\/megacase.com\/de\/wp-json\/wp\/v2\/product\/174999","targetHints":{"allow":["GET"]}}],"collection":[{"href":"https:\/\/megacase.com\/de\/wp-json\/wp\/v2\/product"}],"about":[{"href":"https:\/\/megacase.com\/de\/wp-json\/wp\/v2\/types\/product"}],"wp:featuredmedia":[{"embeddable":true,"href":"https:\/\/megacase.com\/de\/wp-json\/wp\/v2\/media\/175008"}],"wp:attachment":[{"href":"https:\/\/megacase.com\/de\/wp-json\/wp\/v2\/media?parent=174999"}],"wp:term":[{"taxonomy":"product_brand","embeddable":true,"href":"https:\/\/megacase.com\/de\/wp-json\/wp\/v2\/product_brand?post=174999"},{"taxonomy":"product_cat","embeddable":true,"href":"https:\/\/megacase.com\/de\/wp-json\/wp\/v2\/product_cat?post=174999"},{"taxonomy":"product_tag","embeddable":true,"href":"https:\/\/megacase.com\/de\/wp-json\/wp\/v2\/product_tag?post=174999"}],"curies":[{"name":"wp","href":"https:\/\/api.w.org\/{rel}","templated":true}]}}