{"id":174918,"date":"2020-09-16T13:05:16","date_gmt":"2020-09-16T11:05:16","guid":{"rendered":"https:\/\/megacase.com\/?post_type=product&#038;p=174918"},"modified":"2026-03-25T15:55:18","modified_gmt":"2026-03-25T14:55:18","slug":"case-apple-ipad-7-generation-6in1","status":"publish","type":"product","link":"https:\/\/megacase.com\/de\/produkt\/case-apple-ipad-7-generation-6in1\/","title":{"rendered":"Case Apple iPad 7. Generation 6in1"},"content":{"rendered":"<p>ma\u00dfgefertigtes Koffercase inkl. Zubeh\u00f6rfach f\u00fcr 6 iPad&#8217;s 7. Generation<br \/>\nbestehend aus 7mm Birkenmultiplex farbig beschichtet,<br \/>\nFarbe: blau RAL 5005<br \/>\n25&#215;25 mm Alukante,<br \/>\nSchaumszoffpolsterung teilweise gefr\u00e4st,<br \/>\n2 Schnappschl\u00f6\u00dfer mit \u00d6se f\u00fcr ein Vorh\u00e4ngeschloss,<br \/>\n2 Scharniere,<br \/>\n1 Gewebegriff,<br \/>\nZubeh\u00f6rfach gepolstert,<br \/>\nhergestellt in Deutschland<br \/>\nAu\u00dfenma\u00dfe BxTxH ca.: 480x 360 x 260 mm<br \/>\nGewicht ca. 5,5kg<\/p>\n","protected":false},"excerpt":{"rendered":"<p>ma\u00dfgefertigtes Koffercase inkl. Zubeh\u00f6rfach f\u00fcr 6 iPad&#8217;s 7. Generation bestehend aus 7mm Birkenmultiplex farbig beschichtet, Farbe: blau RAL 5005 25&#215;25<\/p>\n","protected":false},"featured_media":174943,"template":"","meta":{"_acf_changed":false},"product_brand":[],"product_cat":[13562],"product_tag":[14243],"class_list":{"0":"post-174918","1":"product","2":"type-product","3":"status-publish","4":"has-post-thumbnail","6":"product_cat-netbook-koffer","7":"product_tag-apple","9":"first","10":"instock","11":"taxable","12":"shipping-taxable","13":"purchasable","14":"product-type-simple"},"acf":[],"_links":{"self":[{"href":"https:\/\/megacase.com\/de\/wp-json\/wp\/v2\/product\/174918","targetHints":{"allow":["GET"]}}],"collection":[{"href":"https:\/\/megacase.com\/de\/wp-json\/wp\/v2\/product"}],"about":[{"href":"https:\/\/megacase.com\/de\/wp-json\/wp\/v2\/types\/product"}],"wp:featuredmedia":[{"embeddable":true,"href":"https:\/\/megacase.com\/de\/wp-json\/wp\/v2\/media\/174943"}],"wp:attachment":[{"href":"https:\/\/megacase.com\/de\/wp-json\/wp\/v2\/media?parent=174918"}],"wp:term":[{"taxonomy":"product_brand","embeddable":true,"href":"https:\/\/megacase.com\/de\/wp-json\/wp\/v2\/product_brand?post=174918"},{"taxonomy":"product_cat","embeddable":true,"href":"https:\/\/megacase.com\/de\/wp-json\/wp\/v2\/product_cat?post=174918"},{"taxonomy":"product_tag","embeddable":true,"href":"https:\/\/megacase.com\/de\/wp-json\/wp\/v2\/product_tag?post=174918"}],"curies":[{"name":"wp","href":"https:\/\/api.w.org\/{rel}","templated":true}]}}