{"id":174524,"date":"2020-09-16T08:04:39","date_gmt":"2020-09-16T06:04:39","guid":{"rendered":"https:\/\/megacase.com\/?post_type=product&#038;p=174524"},"modified":"2026-03-25T15:55:23","modified_gmt":"2026-03-25T14:55:23","slug":"studio-rack-rollen-set-50mm","status":"publish","type":"product","link":"https:\/\/megacase.com\/de\/produkt\/studio-rack-rollen-set-50mm\/","title":{"rendered":"Studio Rack Rollen Set 50mm"},"content":{"rendered":"<p>Rollensatz 50 mm grau passend f\u00fcr <a href=\"https:\/\/megacase.com\/de\/?s=Studio+Rack+50&amp;post_type=product\">Megacase Studio Racks 50 Baus\u00e4tze<\/a><br \/>\n4 ungebremste Lenkrollen<br \/>\nGeh\u00e4use aus Stahlblech, Schwenklager mit zweifachem Kugelkranz,<br \/>\nRadachse verschraubt, Plattenbefestigung. Radk\u00f6rper aus Stahlblech, Lauffl\u00e4che aus Vollgummi, grau-spurlos, mit Fadenschutz, Konuskugellager Rad-\u00d8 50mm,Reifenbreite 19mm, Plattenabme\u00dfung 60 x 60mm, Plattenlochabstand 48\/38 x 48\/38mm, Plattenloch 6,3mm, Ausladung 24mm, St\u00f6rkreis-\u00d8 98mm, Bauh\u00f6he 69mm, Temperaturbereich -20\/+85\u00b0C, Norm EN 12530, Eigengewicht 0,25kg, St\u00f6rkreisrdius 49mm,<br \/>\nH\u00e4rte der Lauffl\u00e4che A 80Shore, Tragf\u00e4higkeit 40kg, Tragf\u00e4higkeit (statisch) 80kg<\/p>\n","protected":false},"excerpt":{"rendered":"<p>Rollensatz 50 mm grau passend f\u00fcr Megacase Studio Racks 50 Baus\u00e4tze 4 ungebremste Lenkrollen Geh\u00e4use aus Stahlblech, Schwenklager mit zweifachem<\/p>\n","protected":false},"featured_media":216460,"template":"","meta":{"_acf_changed":false},"product_brand":[],"product_cat":[15472],"product_tag":[14653],"class_list":{"0":"post-174524","1":"product","2":"type-product","3":"status-publish","4":"has-post-thumbnail","6":"product_cat-studio-equipment-2","7":"product_tag-studiorack","9":"first","10":"instock","11":"taxable","12":"shipping-taxable","13":"purchasable","14":"product-type-simple"},"acf":[],"_links":{"self":[{"href":"https:\/\/megacase.com\/de\/wp-json\/wp\/v2\/product\/174524","targetHints":{"allow":["GET"]}}],"collection":[{"href":"https:\/\/megacase.com\/de\/wp-json\/wp\/v2\/product"}],"about":[{"href":"https:\/\/megacase.com\/de\/wp-json\/wp\/v2\/types\/product"}],"wp:featuredmedia":[{"embeddable":true,"href":"https:\/\/megacase.com\/de\/wp-json\/wp\/v2\/media\/216460"}],"wp:attachment":[{"href":"https:\/\/megacase.com\/de\/wp-json\/wp\/v2\/media?parent=174524"}],"wp:term":[{"taxonomy":"product_brand","embeddable":true,"href":"https:\/\/megacase.com\/de\/wp-json\/wp\/v2\/product_brand?post=174524"},{"taxonomy":"product_cat","embeddable":true,"href":"https:\/\/megacase.com\/de\/wp-json\/wp\/v2\/product_cat?post=174524"},{"taxonomy":"product_tag","embeddable":true,"href":"https:\/\/megacase.com\/de\/wp-json\/wp\/v2\/product_tag?post=174524"}],"curies":[{"name":"wp","href":"https:\/\/api.w.org\/{rel}","templated":true}]}}