{"id":174476,"date":"2020-09-15T13:10:37","date_gmt":"2020-09-15T11:10:37","guid":{"rendered":"https:\/\/megacase.com\/?post_type=product&#038;p=174476"},"modified":"2026-03-25T15:55:23","modified_gmt":"2026-03-25T14:55:23","slug":"studio-rack-20he-tuer-hinten-weiss","status":"publish","type":"product","link":"https:\/\/megacase.com\/de\/produkt\/studio-rack-20he-tuer-hinten-weiss\/","title":{"rendered":"Studio Rack 20HE T\u00fcr hinten wei\u00df"},"content":{"rendered":"<p>Eine abschlie\u00dfbare T\u00fcr f\u00fcr die R\u00fcckseite eines <a href=\"https:\/\/megacase.com\/de\/produkt\/studio-rack-20u-50-white\/\">20 HE Studio M\u00f6bel Rack 50<\/a>.<br \/>\nMaterial: melaminbeschichtete M\u00f6belplatte<br \/>\nFarbe: Wei\u00df<br \/>\nPlattenst\u00e4rke: 19 mm<br \/>\nLieferumfang:<br \/>\n1 T\u00fcrblatt<br \/>\n2 T\u00fcrscharniere montiert,<br \/>\n1 Schloss mit 2 Schl\u00fcsseln montiert.<br \/>\n1 Schlie\u00dfblech zur Selbstmontage,<br \/>\nBefestigungsschrauben zur Montage am Rack.<br \/>\nHergestellt in Deutschland.<\/p>\n","protected":false},"excerpt":{"rendered":"<p>Eine abschlie\u00dfbare T\u00fcr f\u00fcr die R\u00fcckseite eines 20 HE Studio M\u00f6bel Rack 50. Material: melaminbeschichtete M\u00f6belplatte Farbe: Wei\u00df Plattenst\u00e4rke: 19<\/p>\n","protected":false},"featured_media":174477,"template":"","meta":{"_acf_changed":false},"product_brand":[],"product_cat":[15472],"product_tag":[14653],"class_list":{"0":"post-174476","1":"product","2":"type-product","3":"status-publish","4":"has-post-thumbnail","6":"product_cat-studio-equipment-2","7":"product_tag-studiorack","9":"first","10":"instock","11":"taxable","12":"shipping-taxable","13":"purchasable","14":"product-type-simple"},"acf":[],"_links":{"self":[{"href":"https:\/\/megacase.com\/de\/wp-json\/wp\/v2\/product\/174476","targetHints":{"allow":["GET"]}}],"collection":[{"href":"https:\/\/megacase.com\/de\/wp-json\/wp\/v2\/product"}],"about":[{"href":"https:\/\/megacase.com\/de\/wp-json\/wp\/v2\/types\/product"}],"wp:featuredmedia":[{"embeddable":true,"href":"https:\/\/megacase.com\/de\/wp-json\/wp\/v2\/media\/174477"}],"wp:attachment":[{"href":"https:\/\/megacase.com\/de\/wp-json\/wp\/v2\/media?parent=174476"}],"wp:term":[{"taxonomy":"product_brand","embeddable":true,"href":"https:\/\/megacase.com\/de\/wp-json\/wp\/v2\/product_brand?post=174476"},{"taxonomy":"product_cat","embeddable":true,"href":"https:\/\/megacase.com\/de\/wp-json\/wp\/v2\/product_cat?post=174476"},{"taxonomy":"product_tag","embeddable":true,"href":"https:\/\/megacase.com\/de\/wp-json\/wp\/v2\/product_tag?post=174476"}],"curies":[{"name":"wp","href":"https:\/\/api.w.org\/{rel}","templated":true}]}}