{"id":174060,"date":"2020-09-11T13:48:47","date_gmt":"2020-09-11T11:48:47","guid":{"rendered":"https:\/\/megacase.com\/?post_type=product&#038;p=174060"},"modified":"2026-03-25T15:58:34","modified_gmt":"2026-03-25T14:58:34","slug":"studio-rack-16u-glas-tuer","status":"publish","type":"product","link":"https:\/\/megacase.com\/de\/produkt\/studio-rack-16u-glas-tuer\/","title":{"rendered":"Studio Rack 16U Glas T\u00fcr"},"content":{"rendered":"<p>Eine elegante Glast\u00fcre aus 6 mm ESG Glas (Sicherheitsglas) zum Abschlie\u00dfen<br \/>\nf\u00fcr ein <a href=\"https:\/\/megacase.com\/de\/produkt\/studio-rack-16u-50-white\/\">16 HE Studio M\u00f6bel Rack 50<\/a>.<br \/>\nLieferumfang:<br \/>\n1 Scheibe aus 6 mm ESG Glas,<br \/>\n2 Glast\u00fcrscharniere montiert,<br \/>\n1 Schloss mit 2 Schl\u00fcsseln montiert.<br \/>\n1 Schlie\u00dfblech,<br \/>\nBefestigungsschrauben zur Montage am Rack.<br \/>\nHergestellt in Deutschland.<\/p>\n","protected":false},"excerpt":{"rendered":"<p>Eine elegante Glast\u00fcre aus 6 mm ESG Glas (Sicherheitsglas) zum Abschlie\u00dfen f\u00fcr ein 16 HE Studio M\u00f6bel Rack 50. Lieferumfang:<\/p>\n","protected":false},"featured_media":174077,"template":"","meta":{"_acf_changed":false},"product_brand":[],"product_cat":[15472],"product_tag":[14653],"class_list":{"0":"post-174060","1":"product","2":"type-product","3":"status-publish","4":"has-post-thumbnail","6":"product_cat-studio-equipment-2","7":"product_tag-studiorack","9":"first","10":"instock","11":"taxable","12":"shipping-taxable","13":"purchasable","14":"product-type-simple"},"acf":[],"_links":{"self":[{"href":"https:\/\/megacase.com\/de\/wp-json\/wp\/v2\/product\/174060","targetHints":{"allow":["GET"]}}],"collection":[{"href":"https:\/\/megacase.com\/de\/wp-json\/wp\/v2\/product"}],"about":[{"href":"https:\/\/megacase.com\/de\/wp-json\/wp\/v2\/types\/product"}],"wp:featuredmedia":[{"embeddable":true,"href":"https:\/\/megacase.com\/de\/wp-json\/wp\/v2\/media\/174077"}],"wp:attachment":[{"href":"https:\/\/megacase.com\/de\/wp-json\/wp\/v2\/media?parent=174060"}],"wp:term":[{"taxonomy":"product_brand","embeddable":true,"href":"https:\/\/megacase.com\/de\/wp-json\/wp\/v2\/product_brand?post=174060"},{"taxonomy":"product_cat","embeddable":true,"href":"https:\/\/megacase.com\/de\/wp-json\/wp\/v2\/product_cat?post=174060"},{"taxonomy":"product_tag","embeddable":true,"href":"https:\/\/megacase.com\/de\/wp-json\/wp\/v2\/product_tag?post=174060"}],"curies":[{"name":"wp","href":"https:\/\/api.w.org\/{rel}","templated":true}]}}