{"id":173687,"date":"2020-09-11T07:14:29","date_gmt":"2020-09-11T05:14:29","guid":{"rendered":"https:\/\/megacase.com\/?post_type=product&#038;p=173687"},"modified":"2026-03-25T15:58:39","modified_gmt":"2026-03-25T14:58:39","slug":"studio-rack-12he-50-gs","status":"publish","type":"product","link":"https:\/\/megacase.com\/de\/produkt\/studio-rack-12he-50-gs\/","title":{"rendered":"Studio Rack 12U 50 black"},"content":{"rendered":"<p>Studio M\u00f6bel Rack 12 HE<br \/>\nBausatz zur Selbstmontage<br \/>\nMaterial: melaminbeschichtete M\u00f6belplatte<br \/>\nFarbe: Graphit<br \/>\nPlattenst\u00e4rke: 19 mm<br \/>\nstufenlose Rackschiene mit Gummikeder 12 HE<br \/>\ninkl. Schraubensatz<br \/>\nAufbauanleitung<br \/>\nEinbautiefe bis 495 mm frei w\u00e4hlbar<br \/>\n5 cm M\u00f6belsockel<br \/>\nhergestellt in Deutschland<br \/>\nauch in anderen Farben lieferbar<br \/>\nAu\u00dfenma\u00dfe (BxHxT): 540x635x500 mm<br \/>\nGewicht ca. 17,6 kg<\/p>\n<p>Als Zubeh\u00f6r erh\u00e4ltlich:<br \/>\nGlast\u00fcre abschlie\u00dfbar<br \/>\nHolzt\u00fcr in Korpusfarbe abschlie\u00dfbar<\/p>\n","protected":false},"excerpt":{"rendered":"<p>Studio M\u00f6bel Rack 12 HE Bausatz zur Selbstmontage Material: melaminbeschichtete M\u00f6belplatte Farbe: Graphit Plattenst\u00e4rke: 19 mm stufenlose Rackschiene mit Gummikeder<\/p>\n","protected":false},"featured_media":173708,"template":"","meta":{"_acf_changed":false},"product_brand":[],"product_cat":[15472],"product_tag":[14653],"class_list":{"0":"post-173687","1":"product","2":"type-product","3":"status-publish","4":"has-post-thumbnail","6":"product_cat-studio-equipment-2","7":"product_tag-studiorack","9":"first","10":"instock","11":"taxable","12":"shipping-taxable","13":"purchasable","14":"product-type-simple"},"acf":[],"_links":{"self":[{"href":"https:\/\/megacase.com\/de\/wp-json\/wp\/v2\/product\/173687","targetHints":{"allow":["GET"]}}],"collection":[{"href":"https:\/\/megacase.com\/de\/wp-json\/wp\/v2\/product"}],"about":[{"href":"https:\/\/megacase.com\/de\/wp-json\/wp\/v2\/types\/product"}],"wp:featuredmedia":[{"embeddable":true,"href":"https:\/\/megacase.com\/de\/wp-json\/wp\/v2\/media\/173708"}],"wp:attachment":[{"href":"https:\/\/megacase.com\/de\/wp-json\/wp\/v2\/media?parent=173687"}],"wp:term":[{"taxonomy":"product_brand","embeddable":true,"href":"https:\/\/megacase.com\/de\/wp-json\/wp\/v2\/product_brand?post=173687"},{"taxonomy":"product_cat","embeddable":true,"href":"https:\/\/megacase.com\/de\/wp-json\/wp\/v2\/product_cat?post=173687"},{"taxonomy":"product_tag","embeddable":true,"href":"https:\/\/megacase.com\/de\/wp-json\/wp\/v2\/product_tag?post=173687"}],"curies":[{"name":"wp","href":"https:\/\/api.w.org\/{rel}","templated":true}]}}