{"id":173309,"date":"2020-09-09T12:28:46","date_gmt":"2020-09-09T10:28:46","guid":{"rendered":"https:\/\/megacase.com\/?post_type=product&#038;p=173309"},"modified":"2026-03-25T15:58:41","modified_gmt":"2026-03-25T14:58:41","slug":"counter-case-rocket-espresso-milano","status":"publish","type":"product","link":"https:\/\/megacase.com\/de\/produkt\/counter-case-rocket-espresso-milano\/","title":{"rendered":"Counter Case Rocket Espresso Milano"},"content":{"rendered":"<p>Thekencase mit Schaumstoffpolsterung und Facheinteilung f\u00fcr:<br \/>\n2 Rocket Espresso Milano Mozzafiato Cronometro R und mittig eine Macap M42D Espressom\u00fchle.<br \/>\nDarunter Platz f\u00fcr Zubeh\u00f6r, 2 Kaffeesatzschubladen. In der Arbeitsplatte eingebrachte Kabeldurchl\u00e4sse<br \/>\nCase besteht aus:<br \/>\n9mm Birkenmultiplex phenol beschichtet<br \/>\n30 x 30mm Alukante<br \/>\n10 Butterflys medium<br \/>\n8 Klappgriffe mittel<br \/>\n8 Kugelecken gro\u00df<br \/>\n2 Einbauschalen f\u00fcr Kabelauslass<br \/>\n4 Lenkrollen davon 2 gebremst<br \/>\nInnenausbau<br \/>\nSchaumstoffpolsterung<br \/>\nAu\u00dfenma\u00dfe BxTxH ca.: 1325 x 600 x 1520 mm<br \/>\nGewicht ca.: 108kg<br \/>\nHergestellt in Deutschland<\/p>\n","protected":false},"excerpt":{"rendered":"<p>Thekencase mit Schaumstoffpolsterung und Facheinteilung f\u00fcr: 2 Rocket Espresso Milano Mozzafiato Cronometro R und mittig eine Macap M42D Espressom\u00fchle. Darunter<\/p>\n","protected":false},"featured_media":173362,"template":"","meta":{"_acf_changed":false},"product_brand":[],"product_cat":[15014],"product_tag":[],"class_list":{"0":"post-173309","1":"product","2":"type-product","3":"status-publish","4":"has-post-thumbnail","6":"product_cat-casemoebel","8":"first","9":"instock","10":"taxable","11":"shipping-taxable","12":"purchasable","13":"product-type-simple"},"acf":[],"_links":{"self":[{"href":"https:\/\/megacase.com\/de\/wp-json\/wp\/v2\/product\/173309","targetHints":{"allow":["GET"]}}],"collection":[{"href":"https:\/\/megacase.com\/de\/wp-json\/wp\/v2\/product"}],"about":[{"href":"https:\/\/megacase.com\/de\/wp-json\/wp\/v2\/types\/product"}],"wp:featuredmedia":[{"embeddable":true,"href":"https:\/\/megacase.com\/de\/wp-json\/wp\/v2\/media\/173362"}],"wp:attachment":[{"href":"https:\/\/megacase.com\/de\/wp-json\/wp\/v2\/media?parent=173309"}],"wp:term":[{"taxonomy":"product_brand","embeddable":true,"href":"https:\/\/megacase.com\/de\/wp-json\/wp\/v2\/product_brand?post=173309"},{"taxonomy":"product_cat","embeddable":true,"href":"https:\/\/megacase.com\/de\/wp-json\/wp\/v2\/product_cat?post=173309"},{"taxonomy":"product_tag","embeddable":true,"href":"https:\/\/megacase.com\/de\/wp-json\/wp\/v2\/product_tag?post=173309"}],"curies":[{"name":"wp","href":"https:\/\/api.w.org\/{rel}","templated":true}]}}