{"id":172950,"date":"2020-09-09T11:00:25","date_gmt":"2020-09-09T09:00:25","guid":{"rendered":"https:\/\/megacase.com\/?post_type=product&#038;p=172950"},"modified":"2026-03-25T15:58:42","modified_gmt":"2026-03-25T14:58:42","slug":"flip-down-case-behringer-wing-v2","status":"publish","type":"product","link":"https:\/\/megacase.com\/de\/produkt\/flip-down-case-behringer-wing-v2\/","title":{"rendered":"Flip Down Case Behringer Wing V2"},"content":{"rendered":"<p>Profi Flipcase f\u00fcr Behringer Wing Mischpult mit abnehmbarer Mischpultkassette<br \/>\naus 9 mm Birken Multiplex,<br \/>\nFarbe schwarz RAL 9004,<br \/>\n4 gro\u00dfe Butterfly Verschl\u00fcsse,<br \/>\n8 heavy Klappgriffe,<br \/>\n2 Kanteneinbaugriffe,<br \/>\n8 x Kugelecke gro\u00df,<br \/>\n3 x Winkelscharniere<br \/>\n2 x Riegelverschluss f\u00fcr Zubeh\u00f6rf\u00e4cher (Frontf\u00e4cher),<br \/>\n14 x Anschraubscharnier,<br \/>\n4 x Lenkrollen 100 mm davon sind 2 gebremst,<br \/>\n1 x Rollbrett 18 mm,<br \/>\nSchaumstoffpolsterung,<br \/>\ngefilzte Leisten,<br \/>\n2 x Seitenwangen passend f\u00fcr Behringer Wing,<br \/>\nSicherrngsschraube,<br \/>\n2 x Kabeldurchlasse im Dockhouse,<br \/>\n2 x Gasdruckfedern,<br \/>\n4 x Dockhouseverschl\u00fcsse davon ist 1 abschlie\u00dfbar,<br \/>\n4 Kassenttenverschl\u00fcsse,<br \/>\n4 Gummif\u00fc\u00dfe 38&#215;20 mm,<br \/>\n2 Zubeh\u00f6rfacher front,<br \/>\nAu\u00dfenma\u00dfe BxTxH ca.: 1140 x 545 x 1180 mm<br \/>\nGewicht ca. 92,6kg<\/p>\n","protected":false},"excerpt":{"rendered":"<p>Profi Flipcase f\u00fcr Behringer Wing Mischpult mit abnehmbarer Mischpultkassette aus 9 mm Birken Multiplex, Farbe schwarz RAL 9004, 4 gro\u00dfe<\/p>\n","protected":false},"featured_media":172996,"template":"","meta":{"_acf_changed":false},"product_brand":[],"product_cat":[13495],"product_tag":[14167],"class_list":{"0":"post-172950","1":"product","2":"type-product","3":"status-publish","4":"has-post-thumbnail","6":"product_cat-mischpult-cases","7":"product_tag-behringer","9":"first","10":"instock","11":"taxable","12":"shipping-taxable","13":"purchasable","14":"product-type-simple"},"acf":[],"_links":{"self":[{"href":"https:\/\/megacase.com\/de\/wp-json\/wp\/v2\/product\/172950","targetHints":{"allow":["GET"]}}],"collection":[{"href":"https:\/\/megacase.com\/de\/wp-json\/wp\/v2\/product"}],"about":[{"href":"https:\/\/megacase.com\/de\/wp-json\/wp\/v2\/types\/product"}],"wp:featuredmedia":[{"embeddable":true,"href":"https:\/\/megacase.com\/de\/wp-json\/wp\/v2\/media\/172996"}],"wp:attachment":[{"href":"https:\/\/megacase.com\/de\/wp-json\/wp\/v2\/media?parent=172950"}],"wp:term":[{"taxonomy":"product_brand","embeddable":true,"href":"https:\/\/megacase.com\/de\/wp-json\/wp\/v2\/product_brand?post=172950"},{"taxonomy":"product_cat","embeddable":true,"href":"https:\/\/megacase.com\/de\/wp-json\/wp\/v2\/product_cat?post=172950"},{"taxonomy":"product_tag","embeddable":true,"href":"https:\/\/megacase.com\/de\/wp-json\/wp\/v2\/product_tag?post=172950"}],"curies":[{"name":"wp","href":"https:\/\/api.w.org\/{rel}","templated":true}]}}