{"id":172842,"date":"2020-09-09T10:17:57","date_gmt":"2020-09-09T08:17:57","guid":{"rendered":"https:\/\/megacase.com\/?post_type=product&#038;p=172842"},"modified":"2026-03-25T15:58:43","modified_gmt":"2026-03-25T14:58:43","slug":"flip-down-case-allen-heath-sq-7","status":"publish","type":"product","link":"https:\/\/megacase.com\/de\/produkt\/flip-down-case-allen-heath-sq-7\/","title":{"rendered":"Flip Down Case Allen &#038; Heath SQ-7"},"content":{"rendered":"<p>Flip-Case f\u00fcr ein A&amp;H SQ-7 Mischpult<br \/>\nAus 9 mm Birkemultiplex beschichtet<br \/>\nFarbe: schwarz<br \/>\n35&#215;35 mm Alukante,<br \/>\n4 Butterflys Verschl\u00fcsse,<br \/>\n8 Klappgriffe heavy,<br \/>\n2 Kanteneinbaugriffe,<br \/>\n8 gro\u00dfe Kugelecken gestuft,<br \/>\n2 Zubeh\u00f6rf\u00e4cher in den T\u00fcren,<br \/>\nDockhouse hinten,<br \/>\n2 Gasdruckfedern,<br \/>\n4 Lenkrollen 100 mm davon sind 2 gebremst,<br \/>\nSchaumstoffpolsterung + Filzbezug<br \/>\nAu\u00dfenma\u00dfe BxTxH 1025x545x995 mm<br \/>\nGewicht: 73 kg<br \/>\nHergestellt in Deutschland<\/p>\n","protected":false},"excerpt":{"rendered":"<p>Flip-Case f\u00fcr ein A&amp;H SQ-7 Mischpult Aus 9 mm Birkemultiplex beschichtet Farbe: schwarz 35&#215;35 mm Alukante, 4 Butterflys Verschl\u00fcsse, 8<\/p>\n","protected":false},"featured_media":172931,"template":"","meta":{"_acf_changed":false},"product_brand":[],"product_cat":[13495],"product_tag":[15394],"class_list":{"0":"post-172842","1":"product","2":"type-product","3":"status-publish","4":"has-post-thumbnail","6":"product_cat-mischpult-cases","7":"product_tag-allen-heath-2","9":"first","10":"instock","11":"taxable","12":"shipping-taxable","13":"purchasable","14":"product-type-simple"},"acf":[],"_links":{"self":[{"href":"https:\/\/megacase.com\/de\/wp-json\/wp\/v2\/product\/172842","targetHints":{"allow":["GET"]}}],"collection":[{"href":"https:\/\/megacase.com\/de\/wp-json\/wp\/v2\/product"}],"about":[{"href":"https:\/\/megacase.com\/de\/wp-json\/wp\/v2\/types\/product"}],"wp:featuredmedia":[{"embeddable":true,"href":"https:\/\/megacase.com\/de\/wp-json\/wp\/v2\/media\/172931"}],"wp:attachment":[{"href":"https:\/\/megacase.com\/de\/wp-json\/wp\/v2\/media?parent=172842"}],"wp:term":[{"taxonomy":"product_brand","embeddable":true,"href":"https:\/\/megacase.com\/de\/wp-json\/wp\/v2\/product_brand?post=172842"},{"taxonomy":"product_cat","embeddable":true,"href":"https:\/\/megacase.com\/de\/wp-json\/wp\/v2\/product_cat?post=172842"},{"taxonomy":"product_tag","embeddable":true,"href":"https:\/\/megacase.com\/de\/wp-json\/wp\/v2\/product_tag?post=172842"}],"curies":[{"name":"wp","href":"https:\/\/api.w.org\/{rel}","templated":true}]}}