{"id":171774,"date":"2020-08-26T10:42:58","date_gmt":"2020-08-26T08:42:58","guid":{"rendered":"https:\/\/megacase.com\/?post_type=product&#038;p=171774"},"modified":"2026-03-25T15:58:46","modified_gmt":"2026-03-25T14:58:46","slug":"case-fame-forum-iv-sd-transucent-blue","status":"publish","type":"product","link":"https:\/\/megacase.com\/de\/produkt\/case-fame-forum-iv-sd-transucent-blue\/","title":{"rendered":"Case Fame Forum IV SD Transucent Blue"},"content":{"rendered":"<p>Koffercase mit gefr\u00e4sten Schaumstoffinlay f\u00fcr eine Fame Forum IV SD Translucent Blue Gitarre,<br \/>\ninkl. F\u00e4cher f\u00fcr Zubeh\u00f6r,<br \/>\nbestehend aus:<br \/>\n6,5 mm Birke Phenol<br \/>\n22\/22 Alukante<br \/>\n2 gefederte Butterfly mini<br \/>\n1 Kofferschloss abschlie\u00dfbar verchromt<br \/>\n1 Ledergriff<br \/>\n2 Feststellscharnier gro\u00df<br \/>\n4 Kugelecke klein<br \/>\n4 Kugelecke klein L-Ecke<br \/>\nSchaumstoff<br \/>\nAu\u00dfenma\u00dfe BxTxH ca.: 1063 x 435 x 148 mm<br \/>\nGwicht ca.: 8,6kg<\/p>\n","protected":false},"excerpt":{"rendered":"<p>Koffercase mit gefr\u00e4sten Schaumstoffinlay f\u00fcr eine Fame Forum IV SD Translucent Blue Gitarre, inkl. F\u00e4cher f\u00fcr Zubeh\u00f6r, bestehend aus: 6,5<\/p>\n","protected":false},"featured_media":171779,"template":"","meta":{"_acf_changed":false},"product_brand":[],"product_cat":[13504,13594],"product_tag":[],"class_list":{"0":"post-171774","1":"product","2":"type-product","3":"status-publish","4":"has-post-thumbnail","6":"product_cat-koffer-cases","7":"product_cat-cases-fuer-gitarre-bass-cases","9":"first","10":"instock","11":"taxable","12":"shipping-taxable","13":"purchasable","14":"product-type-simple"},"acf":[],"_links":{"self":[{"href":"https:\/\/megacase.com\/de\/wp-json\/wp\/v2\/product\/171774","targetHints":{"allow":["GET"]}}],"collection":[{"href":"https:\/\/megacase.com\/de\/wp-json\/wp\/v2\/product"}],"about":[{"href":"https:\/\/megacase.com\/de\/wp-json\/wp\/v2\/types\/product"}],"wp:featuredmedia":[{"embeddable":true,"href":"https:\/\/megacase.com\/de\/wp-json\/wp\/v2\/media\/171779"}],"wp:attachment":[{"href":"https:\/\/megacase.com\/de\/wp-json\/wp\/v2\/media?parent=171774"}],"wp:term":[{"taxonomy":"product_brand","embeddable":true,"href":"https:\/\/megacase.com\/de\/wp-json\/wp\/v2\/product_brand?post=171774"},{"taxonomy":"product_cat","embeddable":true,"href":"https:\/\/megacase.com\/de\/wp-json\/wp\/v2\/product_cat?post=171774"},{"taxonomy":"product_tag","embeddable":true,"href":"https:\/\/megacase.com\/de\/wp-json\/wp\/v2\/product_tag?post=171774"}],"curies":[{"name":"wp","href":"https:\/\/api.w.org\/{rel}","templated":true}]}}