{"id":171677,"date":"2020-08-26T09:53:04","date_gmt":"2020-08-26T07:53:04","guid":{"rendered":"https:\/\/megacase.com\/?post_type=product&#038;p=171677"},"modified":"2026-03-25T15:58:47","modified_gmt":"2026-03-25T14:58:47","slug":"rack-16u-profi-70-shockmount","status":"publish","type":"product","link":"https:\/\/megacase.com\/de\/produkt\/rack-16u-profi-70-shockmount\/","title":{"rendered":"Rack 16U Profi 70 Shockmount"},"content":{"rendered":"<p>16HE Profi Shockmount Rack mit einer Einbautiefe von 700mm auf Rollen (2x gebremst)<br \/>\nRackschienen sind schwingend gelagert. Dadruch sind die Komponienten besser vo schl\u00e4gen von au\u00dfen gesch\u00fctzt.<br \/>\nim hinteren Deckel befindet sich eine Serviceklappe mit L\u00fcftungsl\u00f6cher und Kabelauslass<br \/>\nEinbauh\u00f6he: 16HE<br \/>\nEinbautiefe: 700mm<br \/>\nKorpustiefe: 730mm<br \/>\n9mm Birkenmultiplex beschichtet<br \/>\nFarbe: schwarz<br \/>\n30 x 30mm Alukante<br \/>\n9 Butterflys mittel<br \/>\n4 Klappgriffe mittel<br \/>\n8 Kugelecken gro\u00df<br \/>\nstufenlose Rackschienen vorne und hinten<br \/>\ninkl. Befestigungsmaterial<br \/>\n4 Lenkrollend avon 2 gebremst<br \/>\nAu\u00dfenma\u00dfe BxTxH ca.: 635 x 940 x 970 mm<br \/>\nGewicht ca.: 47,8kg<\/p>\n","protected":false},"excerpt":{"rendered":"<p>16HE Profi Shockmount Rack mit einer Einbautiefe von 700mm auf Rollen (2x gebremst) Rackschienen sind schwingend gelagert.<\/p>\n","protected":false},"featured_media":171718,"template":"","meta":{"_acf_changed":false},"product_brand":[],"product_cat":[13510],"product_tag":[14027],"class_list":{"0":"post-171677","1":"product","2":"type-product","3":"status-publish","4":"has-post-thumbnail","6":"product_cat-racks","7":"product_tag-shockmount","9":"first","10":"instock","11":"taxable","12":"shipping-taxable","13":"purchasable","14":"product-type-simple"},"acf":[],"_links":{"self":[{"href":"https:\/\/megacase.com\/de\/wp-json\/wp\/v2\/product\/171677","targetHints":{"allow":["GET"]}}],"collection":[{"href":"https:\/\/megacase.com\/de\/wp-json\/wp\/v2\/product"}],"about":[{"href":"https:\/\/megacase.com\/de\/wp-json\/wp\/v2\/types\/product"}],"wp:featuredmedia":[{"embeddable":true,"href":"https:\/\/megacase.com\/de\/wp-json\/wp\/v2\/media\/171718"}],"wp:attachment":[{"href":"https:\/\/megacase.com\/de\/wp-json\/wp\/v2\/media?parent=171677"}],"wp:term":[{"taxonomy":"product_brand","embeddable":true,"href":"https:\/\/megacase.com\/de\/wp-json\/wp\/v2\/product_brand?post=171677"},{"taxonomy":"product_cat","embeddable":true,"href":"https:\/\/megacase.com\/de\/wp-json\/wp\/v2\/product_cat?post=171677"},{"taxonomy":"product_tag","embeddable":true,"href":"https:\/\/megacase.com\/de\/wp-json\/wp\/v2\/product_tag?post=171677"}],"curies":[{"name":"wp","href":"https:\/\/api.w.org\/{rel}","templated":true}]}}