{"id":171022,"date":"2020-08-17T15:38:09","date_gmt":"2020-08-17T13:38:09","guid":{"rendered":"https:\/\/megacase.com\/?post_type=product&#038;p=171022"},"modified":"2026-03-25T15:58:49","modified_gmt":"2026-03-25T14:58:49","slug":"case-dell-ultrasharp-27-up2720q","status":"publish","type":"product","link":"https:\/\/megacase.com\/de\/produkt\/case-dell-ultrasharp-27-up2720q\/","title":{"rendered":"Case Dell UltraSharp 27&#8243; UP2720Q"},"content":{"rendered":"<p>passendes Case f\u00fcr zwei Dell UltraSharp 27 4K UP2720Q und Platz f\u00fcr Sonnenschutz,<br \/>\nrechts daneben ein gepolstertes 10cm Fach f\u00fcr Zubeh\u00f6r,<br \/>\n7mm Birkenmultiplex beschichtet<br \/>\nFarbe: frei w\u00e4hlbar<br \/>\n30\/30 Alukante<br \/>\n2x Butterfly mittel<br \/>\n2x Feststellscharnier<br \/>\n3x Klappgriff<br \/>\n4x Kugelecke medium<br \/>\n4x Kugelecke mit integrierter L-Ecke medium<br \/>\nSchaumstoffpolsterung<br \/>\nInnenausbau<br \/>\nAu\u00dfenma\u00dfe BxTxH ca.: 830 x 555 x 620<br \/>\nGewicht ca.: 26,2kg<\/p>\n","protected":false},"excerpt":{"rendered":"<p>passendes Case f\u00fcr zwei Dell UltraSharp 27 4K UP2720Q und Platz f\u00fcr Sonnenschutz, rechts daneben ein gepolstertes 10cm Fach f\u00fcr<\/p>\n","protected":false},"featured_media":171035,"template":"","meta":{"_acf_changed":false},"product_brand":[],"product_cat":[13576,13612],"product_tag":[],"class_list":{"0":"post-171022","1":"product","2":"type-product","3":"status-publish","4":"has-post-thumbnail","6":"product_cat-cases-fuer-computer-und-zubehoer","7":"product_cat-display-monitor","9":"first","10":"instock","11":"taxable","12":"shipping-taxable","13":"purchasable","14":"product-type-simple"},"acf":[],"_links":{"self":[{"href":"https:\/\/megacase.com\/de\/wp-json\/wp\/v2\/product\/171022","targetHints":{"allow":["GET"]}}],"collection":[{"href":"https:\/\/megacase.com\/de\/wp-json\/wp\/v2\/product"}],"about":[{"href":"https:\/\/megacase.com\/de\/wp-json\/wp\/v2\/types\/product"}],"wp:featuredmedia":[{"embeddable":true,"href":"https:\/\/megacase.com\/de\/wp-json\/wp\/v2\/media\/171035"}],"wp:attachment":[{"href":"https:\/\/megacase.com\/de\/wp-json\/wp\/v2\/media?parent=171022"}],"wp:term":[{"taxonomy":"product_brand","embeddable":true,"href":"https:\/\/megacase.com\/de\/wp-json\/wp\/v2\/product_brand?post=171022"},{"taxonomy":"product_cat","embeddable":true,"href":"https:\/\/megacase.com\/de\/wp-json\/wp\/v2\/product_cat?post=171022"},{"taxonomy":"product_tag","embeddable":true,"href":"https:\/\/megacase.com\/de\/wp-json\/wp\/v2\/product_tag?post=171022"}],"curies":[{"name":"wp","href":"https:\/\/api.w.org\/{rel}","templated":true}]}}