{"id":170972,"date":"2020-08-17T14:29:20","date_gmt":"2020-08-17T12:29:20","guid":{"rendered":"https:\/\/megacase.com\/?post_type=product&#038;p=170972"},"modified":"2026-03-25T15:58:49","modified_gmt":"2026-03-25T14:58:49","slug":"case-kettensaege-schwertlaenge-45cm","status":"publish","type":"product","link":"https:\/\/megacase.com\/de\/produkt\/case-kettensaege-schwertlaenge-45cm\/","title":{"rendered":"Case Kettens\u00e4ge Schwertl\u00e4nge 45cm"},"content":{"rendered":"<p>Truhencase f\u00fcr eine Motorkettens\u00e4ge mit einer Schwertl\u00e4nge von ca. 450mm<br \/>\nFachinnenma\u00df f\u00fcr Motorengeh\u00e4use max. 500 x 300 x 300 mm BxTxH<br \/>\nSchwertfach ca. 500mm lang, Zubeh\u00f6rfach ca. 480 x 210 x 300mm BxTxH<br \/>\nCase besteht aus:<br \/>\naus 6,8mm Birke phenol<br \/>\n30x30mm Alukante<br \/>\n2 Butterflys mittel<br \/>\n3 Klappgriffe mittel<br \/>\n8 Kugelecken mittel<br \/>\n2 Feststellscharniere gro\u00df<br \/>\nZubeh\u00f6rfach Au\u00dfenma\u00df BxTxH ca.: 1045 x 340 x 340 mm<br \/>\nGewicht ca.: 12,9<br \/>\nhergestellt in Deutschland<\/p>\n","protected":false},"excerpt":{"rendered":"<p>Truhencase f\u00fcr eine Motorkettens\u00e4ge mit einer Schwertl\u00e4nge von ca. 450mm | hergestellt in Deutschland<\/p>\n","protected":false},"featured_media":174600,"template":"","meta":{"_acf_changed":false},"product_brand":[],"product_cat":[13509,13512],"product_tag":[],"class_list":{"0":"post-170972","1":"product","2":"type-product","3":"status-publish","4":"has-post-thumbnail","6":"product_cat-truhen-cases","7":"product_cat-case-zubehoer","9":"first","10":"instock","11":"taxable","12":"shipping-taxable","13":"purchasable","14":"product-type-simple"},"acf":[],"_links":{"self":[{"href":"https:\/\/megacase.com\/de\/wp-json\/wp\/v2\/product\/170972","targetHints":{"allow":["GET"]}}],"collection":[{"href":"https:\/\/megacase.com\/de\/wp-json\/wp\/v2\/product"}],"about":[{"href":"https:\/\/megacase.com\/de\/wp-json\/wp\/v2\/types\/product"}],"wp:featuredmedia":[{"embeddable":true,"href":"https:\/\/megacase.com\/de\/wp-json\/wp\/v2\/media\/174600"}],"wp:attachment":[{"href":"https:\/\/megacase.com\/de\/wp-json\/wp\/v2\/media?parent=170972"}],"wp:term":[{"taxonomy":"product_brand","embeddable":true,"href":"https:\/\/megacase.com\/de\/wp-json\/wp\/v2\/product_brand?post=170972"},{"taxonomy":"product_cat","embeddable":true,"href":"https:\/\/megacase.com\/de\/wp-json\/wp\/v2\/product_cat?post=170972"},{"taxonomy":"product_tag","embeddable":true,"href":"https:\/\/megacase.com\/de\/wp-json\/wp\/v2\/product_tag?post=170972"}],"curies":[{"name":"wp","href":"https:\/\/api.w.org\/{rel}","templated":true}]}}