{"id":170942,"date":"2020-08-17T14:18:01","date_gmt":"2020-08-17T12:18:01","guid":{"rendered":"https:\/\/megacase.com\/?post_type=product&#038;p=170942"},"modified":"2026-03-25T15:42:13","modified_gmt":"2026-03-25T14:42:13","slug":"lagwaffenkoffer-1000x230x60","status":"publish","type":"product","link":"https:\/\/megacase.com\/de\/produkt\/lagwaffenkoffer-1000x230x60\/","title":{"rendered":"Lagwaffenkoffer 1000x230x60"},"content":{"rendered":"<p>Koffercase mit Noppenschaum im Deckel und Unterteil. Perfekt f\u00fcr Langwaffen mit einer L\u00e4nge von max. 1000mm.<br \/>\nSchnappschl\u00f6sser sind mit \u00d6sen ausgestattet f\u00fcr ein Vorh\u00e4ngeschlo\u00df zum absperren,<br \/>\nKoffer besteh aus:<br \/>\n6,8 mm Birkenmultiplex beschichtet<br \/>\nphenolharz braun<br \/>\n25 x 25 mm Alukante<br \/>\n2 Schnappschl\u00f6sser<br \/>\n1 Koffergriff<br \/>\n2 Feststellscharniere<br \/>\n4 Gummif\u00fc\u00dfe hinten 25&#215;11 mm<br \/>\nSchaumstoff<br \/>\nAu\u00dfenma\u00dfe BxTxH ca.: 1045 x 280 x 170 mm<br \/>\nGewicht ca. 7,1kg<\/p>\n","protected":false},"excerpt":{"rendered":"<p>Koffercase mit Noppenschaum im Deckel und Unterteil. Perfekt f\u00fcr Langwaffen mit einer L\u00e4nge von max. 1000mm. Schnappschl\u00f6sser sind mit \u00d6sen<\/p>\n","protected":false},"featured_media":170952,"template":"","meta":{"_acf_changed":false},"product_brand":[],"product_cat":[13504,13508,15072],"product_tag":[],"class_list":{"0":"post-170942","1":"product","2":"type-product","3":"status-publish","4":"has-post-thumbnail","6":"product_cat-koffer-cases","7":"product_cat-universal-flightcases","8":"product_cat-sicherheit","10":"first","11":"instock","12":"taxable","13":"shipping-taxable","14":"purchasable","15":"product-type-simple"},"acf":[],"_links":{"self":[{"href":"https:\/\/megacase.com\/de\/wp-json\/wp\/v2\/product\/170942","targetHints":{"allow":["GET"]}}],"collection":[{"href":"https:\/\/megacase.com\/de\/wp-json\/wp\/v2\/product"}],"about":[{"href":"https:\/\/megacase.com\/de\/wp-json\/wp\/v2\/types\/product"}],"wp:featuredmedia":[{"embeddable":true,"href":"https:\/\/megacase.com\/de\/wp-json\/wp\/v2\/media\/170952"}],"wp:attachment":[{"href":"https:\/\/megacase.com\/de\/wp-json\/wp\/v2\/media?parent=170942"}],"wp:term":[{"taxonomy":"product_brand","embeddable":true,"href":"https:\/\/megacase.com\/de\/wp-json\/wp\/v2\/product_brand?post=170942"},{"taxonomy":"product_cat","embeddable":true,"href":"https:\/\/megacase.com\/de\/wp-json\/wp\/v2\/product_cat?post=170942"},{"taxonomy":"product_tag","embeddable":true,"href":"https:\/\/megacase.com\/de\/wp-json\/wp\/v2\/product_tag?post=170942"}],"curies":[{"name":"wp","href":"https:\/\/api.w.org\/{rel}","templated":true}]}}