{"id":169963,"date":"2020-08-05T14:56:29","date_gmt":"2020-08-05T12:56:29","guid":{"rendered":"https:\/\/megacase.com\/?post_type=product&#038;p=169963"},"modified":"2026-03-25T15:42:16","modified_gmt":"2026-03-25T14:42:16","slug":"schrank-casedesign-700-x-450-x-1500-bxtxh","status":"publish","type":"product","link":"https:\/\/megacase.com\/de\/produkt\/schrank-casedesign-700-x-450-x-1500-bxtxh\/","title":{"rendered":"Schrank &#8222;Casedesign&#8220; 700 x 450 x 1500 BxTxH"},"content":{"rendered":"<p>9 mm Birke wei\u00df<br \/>\nbreite 70 cm und H\u00f6he incl. Rollen 1,5 Meter hoch<br \/>\n3 T\u00fcren mit gleichgro\u00dfen F\u00e4chern<br \/>\n3 T\u00fcren mit Edelstahlgriffen und 3 Fachb\u00f6den.<br \/>\nT\u00fcranschlag rechts,<br \/>\n30x30mm Alukante,<br \/>\n2x Klappgriff mittel gefedert 8mm Schale<br \/>\n8x Kugelecke gro\u00df<br \/>\n4x400mm Lenkrollen \/ 2x gebremst<br \/>\nInnenausbau<br \/>\nAu\u00dfenma\u00dfe BxTxH ca.:695 x 475 x 1515<br \/>\nGewicht ca. 38,5kg<\/p>\n","protected":false},"excerpt":{"rendered":"<p>9 mm Birke wei\u00df breite 70 cm und H\u00f6he incl. Rollen 1,5 Meter hoch 3 T\u00fcren mit gleichgro\u00dfen F\u00e4chern 3<\/p>\n","protected":false},"featured_media":169968,"template":"","meta":{"_acf_changed":false},"product_brand":[],"product_cat":[13492,15014],"product_tag":[],"class_list":{"0":"post-169963","1":"product","2":"type-product","3":"status-publish","4":"has-post-thumbnail","6":"product_cat-anwendungsgebiete","7":"product_cat-casemoebel","9":"first","10":"instock","11":"taxable","12":"shipping-taxable","13":"purchasable","14":"product-type-simple"},"acf":[],"_links":{"self":[{"href":"https:\/\/megacase.com\/de\/wp-json\/wp\/v2\/product\/169963","targetHints":{"allow":["GET"]}}],"collection":[{"href":"https:\/\/megacase.com\/de\/wp-json\/wp\/v2\/product"}],"about":[{"href":"https:\/\/megacase.com\/de\/wp-json\/wp\/v2\/types\/product"}],"wp:featuredmedia":[{"embeddable":true,"href":"https:\/\/megacase.com\/de\/wp-json\/wp\/v2\/media\/169968"}],"wp:attachment":[{"href":"https:\/\/megacase.com\/de\/wp-json\/wp\/v2\/media?parent=169963"}],"wp:term":[{"taxonomy":"product_brand","embeddable":true,"href":"https:\/\/megacase.com\/de\/wp-json\/wp\/v2\/product_brand?post=169963"},{"taxonomy":"product_cat","embeddable":true,"href":"https:\/\/megacase.com\/de\/wp-json\/wp\/v2\/product_cat?post=169963"},{"taxonomy":"product_tag","embeddable":true,"href":"https:\/\/megacase.com\/de\/wp-json\/wp\/v2\/product_tag?post=169963"}],"curies":[{"name":"wp","href":"https:\/\/api.w.org\/{rel}","templated":true}]}}