{"id":169907,"date":"2020-08-05T14:21:48","date_gmt":"2020-08-05T12:21:48","guid":{"rendered":"https:\/\/megacase.com\/?post_type=product&#038;p=169907"},"modified":"2026-03-25T15:42:17","modified_gmt":"2026-03-25T14:42:17","slug":"sideboard-casedesign-1620x505x870","status":"publish","type":"product","link":"https:\/\/megacase.com\/de\/produkt\/sideboard-casedesign-1620x505x870\/","title":{"rendered":"Sideboard Casedesign 1620x505x870"},"content":{"rendered":"<p>sideboard in wei\u00df mit 3 farbigen Schubladen blau\/grau<br \/>\npassend zum abstelle f\u00fcr Fernseher etc. rechts und links<br \/>\ngro\u00dfz\u00fcgige F\u00e4cher mit variablen Fachb\u00f6den, mittig 3 Schubladen<br \/>\nbestehen aus:<br \/>\n6,8mm Birkenmultiplex wei\u00df beschichtet,<br \/>\n30 x 30mm Alukante<br \/>\n5 Stangengriffe,<br \/>\n4 Lenkrollen 80mm davon 2 gebremst<br \/>\n4 Klappgriffe<br \/>\nKabeldurchlassklappe oben,<br \/>\nKabeldurchlass hinten<br \/>\nAu\u00dfenma\u00dfe BxTxH ca.: 1625 x 505 x 870 mm<br \/>\nGewicht ca.: 74kg<\/p>\n","protected":false},"excerpt":{"rendered":"<p>sideboard in wei\u00df mit 3 farbigen Schubladen blau\/grau passend zum abstelle f\u00fcr Fernseher etc. rechts und links gro\u00dfz\u00fcgige F\u00e4cher mit<\/p>\n","protected":false},"featured_media":169936,"template":"","meta":{"_acf_changed":false},"product_brand":[],"product_cat":[15014],"product_tag":[],"class_list":{"0":"post-169907","1":"product","2":"type-product","3":"status-publish","4":"has-post-thumbnail","6":"product_cat-casemoebel","8":"first","9":"instock","10":"taxable","11":"shipping-taxable","12":"purchasable","13":"product-type-simple"},"acf":[],"_links":{"self":[{"href":"https:\/\/megacase.com\/de\/wp-json\/wp\/v2\/product\/169907","targetHints":{"allow":["GET"]}}],"collection":[{"href":"https:\/\/megacase.com\/de\/wp-json\/wp\/v2\/product"}],"about":[{"href":"https:\/\/megacase.com\/de\/wp-json\/wp\/v2\/types\/product"}],"wp:featuredmedia":[{"embeddable":true,"href":"https:\/\/megacase.com\/de\/wp-json\/wp\/v2\/media\/169936"}],"wp:attachment":[{"href":"https:\/\/megacase.com\/de\/wp-json\/wp\/v2\/media?parent=169907"}],"wp:term":[{"taxonomy":"product_brand","embeddable":true,"href":"https:\/\/megacase.com\/de\/wp-json\/wp\/v2\/product_brand?post=169907"},{"taxonomy":"product_cat","embeddable":true,"href":"https:\/\/megacase.com\/de\/wp-json\/wp\/v2\/product_cat?post=169907"},{"taxonomy":"product_tag","embeddable":true,"href":"https:\/\/megacase.com\/de\/wp-json\/wp\/v2\/product_tag?post=169907"}],"curies":[{"name":"wp","href":"https:\/\/api.w.org\/{rel}","templated":true}]}}