{"id":169886,"date":"2020-08-05T13:51:47","date_gmt":"2020-08-05T11:51:47","guid":{"rendered":"https:\/\/megacase.com\/?post_type=product&#038;p=169886"},"modified":"2026-03-25T15:42:17","modified_gmt":"2026-03-25T14:42:17","slug":"couchtable","status":"publish","type":"product","link":"https:\/\/megacase.com\/de\/produkt\/couchtable\/","title":{"rendered":"Couchtable"},"content":{"rendered":"<p>6,5 mm Birke beschichtet<br \/>\nFarbe: frei w\u00e4hlbar<br \/>\n30\/30 Alukante<br \/>\n8 Kugelecken mittel<br \/>\n4 Plastikf\u00fc\u00dfe<br \/>\nvorne zwei Ausfr\u00e4\u00dfungen ca. 400x340mm<br \/>\nAu\u00dfenma\u00dfe BxTxH ca.: 1025 x 625 x 440 mm<br \/>\nGewicht ca.: 15,4kg<\/p>\n","protected":false},"excerpt":{"rendered":"<p>6,5 mm Birke beschichtet Farbe: frei w\u00e4hlbar 30\/30 Alukante 8 Kugelecken mittel 4 Plastikf\u00fc\u00dfe vorne zwei Ausfr\u00e4\u00dfungen ca. 400x340mm Au\u00dfenma\u00dfe<\/p>\n","protected":false},"featured_media":169895,"template":"","meta":{"_acf_changed":false},"product_brand":[],"product_cat":[13492,15014],"product_tag":[],"class_list":{"0":"post-169886","1":"product","2":"type-product","3":"status-publish","4":"has-post-thumbnail","6":"product_cat-anwendungsgebiete","7":"product_cat-casemoebel","9":"first","10":"instock","11":"taxable","12":"shipping-taxable","13":"purchasable","14":"product-type-simple"},"acf":[],"_links":{"self":[{"href":"https:\/\/megacase.com\/de\/wp-json\/wp\/v2\/product\/169886","targetHints":{"allow":["GET"]}}],"collection":[{"href":"https:\/\/megacase.com\/de\/wp-json\/wp\/v2\/product"}],"about":[{"href":"https:\/\/megacase.com\/de\/wp-json\/wp\/v2\/types\/product"}],"wp:featuredmedia":[{"embeddable":true,"href":"https:\/\/megacase.com\/de\/wp-json\/wp\/v2\/media\/169895"}],"wp:attachment":[{"href":"https:\/\/megacase.com\/de\/wp-json\/wp\/v2\/media?parent=169886"}],"wp:term":[{"taxonomy":"product_brand","embeddable":true,"href":"https:\/\/megacase.com\/de\/wp-json\/wp\/v2\/product_brand?post=169886"},{"taxonomy":"product_cat","embeddable":true,"href":"https:\/\/megacase.com\/de\/wp-json\/wp\/v2\/product_cat?post=169886"},{"taxonomy":"product_tag","embeddable":true,"href":"https:\/\/megacase.com\/de\/wp-json\/wp\/v2\/product_tag?post=169886"}],"curies":[{"name":"wp","href":"https:\/\/api.w.org\/{rel}","templated":true}]}}