{"id":169794,"date":"2020-08-05T12:53:19","date_gmt":"2020-08-05T10:53:19","guid":{"rendered":"https:\/\/megacase.com\/?post_type=product&#038;p=169794"},"modified":"2026-03-25T15:42:18","modified_gmt":"2026-03-25T14:42:18","slug":"case-bose-s1-pro","status":"publish","type":"product","link":"https:\/\/megacase.com\/de\/produkt\/case-bose-s1-pro\/","title":{"rendered":"Case Bose S1 Pro"},"content":{"rendered":"<p>Passendes Trollycase f\u00fcr Bose S1, dar\u00fcber eine 1HE 9,5&#8243; Einheit f\u00fcr Funkempf\u00e4nger,<br \/>\noben ein 8cm hohes Fach f\u00fcr Zubeh\u00f6r,<br \/>\n6,5mm Birke beschichtet blau<br \/>\n25x25mmAlukante,<br \/>\n8x Butterfly medium<br \/>\n2x Klappgriff mittel,<br \/>\n6x Kugelecke medium,<br \/>\n2x 48mm Eckeinbaurolle<br \/>\n4x Gummif\u00fc\u00dfe<br \/>\n1x aufgesetzer Ausziehgriff auf Deckel hinten,<br \/>\nInnenausbau,<br \/>\nSchaumstoffpolsterung,<br \/>\nAu\u00dfenma\u00dfe BxTxH ca.: 355 x 440 x 600 mm<br \/>\nGewicht ca.: 10kg<br \/>\nhergestellt in Deutschland<\/p>\n","protected":false},"excerpt":{"rendered":"<p>Passendes Trollycase f\u00fcr Bose S1, dar\u00fcber eine 1HE 9,5&#8243; Einheit f\u00fcr Funkempf\u00e4nger, oben ein 8cm hohes Fach f\u00fcr Zubeh\u00f6r, 6,5mm<\/p>\n","protected":false},"featured_media":169795,"template":"","meta":{"_acf_changed":false},"product_brand":[],"product_cat":[13579],"product_tag":[],"class_list":{"0":"post-169794","1":"product","2":"type-product","3":"status-publish","4":"has-post-thumbnail","6":"product_cat-audio-cases","8":"first","9":"instock","10":"taxable","11":"shipping-taxable","12":"purchasable","13":"product-type-simple"},"acf":[],"_links":{"self":[{"href":"https:\/\/megacase.com\/de\/wp-json\/wp\/v2\/product\/169794","targetHints":{"allow":["GET"]}}],"collection":[{"href":"https:\/\/megacase.com\/de\/wp-json\/wp\/v2\/product"}],"about":[{"href":"https:\/\/megacase.com\/de\/wp-json\/wp\/v2\/types\/product"}],"wp:featuredmedia":[{"embeddable":true,"href":"https:\/\/megacase.com\/de\/wp-json\/wp\/v2\/media\/169795"}],"wp:attachment":[{"href":"https:\/\/megacase.com\/de\/wp-json\/wp\/v2\/media?parent=169794"}],"wp:term":[{"taxonomy":"product_brand","embeddable":true,"href":"https:\/\/megacase.com\/de\/wp-json\/wp\/v2\/product_brand?post=169794"},{"taxonomy":"product_cat","embeddable":true,"href":"https:\/\/megacase.com\/de\/wp-json\/wp\/v2\/product_cat?post=169794"},{"taxonomy":"product_tag","embeddable":true,"href":"https:\/\/megacase.com\/de\/wp-json\/wp\/v2\/product_tag?post=169794"}],"curies":[{"name":"wp","href":"https:\/\/api.w.org\/{rel}","templated":true}]}}