{"id":169158,"date":"2020-08-03T13:00:48","date_gmt":"2020-08-03T11:00:48","guid":{"rendered":"https:\/\/megacase.com\/?post_type=product&#038;p=169158"},"modified":"2026-03-25T15:42:23","modified_gmt":"2026-03-25T14:42:23","slug":"koffer-case-dji-mavic-pro-ii-inkl-smart-fernbedienung","status":"publish","type":"product","link":"https:\/\/megacase.com\/de\/produkt\/koffer-case-dji-mavic-pro-ii-inkl-smart-fernbedienung\/","title":{"rendered":"Case dji Mavic Pro II inkl. Smart Control"},"content":{"rendered":"<p>passendes Koffercase mit gefr\u00e4sten Schaumstoffinlay f\u00fcr eine DJI Mavic Pro II Drohne inkl. Platz f\u00fcr eine Smart Fernbedienung, Ersatzakku, und Ladekabel etc.<\/p>\n<p>bestehend aus:<br \/>\n6,8mm Birke phenol<br \/>\n22 x 22 mm Alukante<br \/>\n2 Clip-Schl\u00f6\u00dfer (jack)<br \/>\n1 Ledergriff<br \/>\n8 Kugelecken klein<br \/>\n2 Feststellscharniere gro\u00df<br \/>\n8 Gummif\u00fc\u00dfe 25 x 10 mm<br \/>\nSchaumstoffpolsterung<\/p>\n","protected":false},"excerpt":{"rendered":"<p>passendes Koffercase mit gefr\u00e4sten Schaumstoffinlay f\u00fcr eine DJI Mavic Pro II Drohne inkl. Platz f\u00fcr eine Smart Fernbedienung, Ersatzakku, und<\/p>\n","protected":false},"featured_media":169159,"template":"","meta":{"_acf_changed":false},"product_brand":[],"product_cat":[13559],"product_tag":[],"class_list":{"0":"post-169158","1":"product","2":"type-product","3":"status-publish","4":"has-post-thumbnail","6":"product_cat-cases-fuer-kamera-equipment","8":"first","9":"instock","10":"taxable","11":"shipping-taxable","12":"purchasable","13":"product-type-simple"},"acf":[],"_links":{"self":[{"href":"https:\/\/megacase.com\/de\/wp-json\/wp\/v2\/product\/169158","targetHints":{"allow":["GET"]}}],"collection":[{"href":"https:\/\/megacase.com\/de\/wp-json\/wp\/v2\/product"}],"about":[{"href":"https:\/\/megacase.com\/de\/wp-json\/wp\/v2\/types\/product"}],"wp:featuredmedia":[{"embeddable":true,"href":"https:\/\/megacase.com\/de\/wp-json\/wp\/v2\/media\/169159"}],"wp:attachment":[{"href":"https:\/\/megacase.com\/de\/wp-json\/wp\/v2\/media?parent=169158"}],"wp:term":[{"taxonomy":"product_brand","embeddable":true,"href":"https:\/\/megacase.com\/de\/wp-json\/wp\/v2\/product_brand?post=169158"},{"taxonomy":"product_cat","embeddable":true,"href":"https:\/\/megacase.com\/de\/wp-json\/wp\/v2\/product_cat?post=169158"},{"taxonomy":"product_tag","embeddable":true,"href":"https:\/\/megacase.com\/de\/wp-json\/wp\/v2\/product_tag?post=169158"}],"curies":[{"name":"wp","href":"https:\/\/api.w.org\/{rel}","templated":true}]}}