{"id":165546,"date":"2020-05-22T15:09:11","date_gmt":"2020-05-22T13:09:11","guid":{"rendered":"https:\/\/megacase.com\/?post_type=product&#038;p=165546"},"modified":"2026-03-25T15:42:24","modified_gmt":"2026-03-25T14:42:24","slug":"80er-workstation-4-3-rg","status":"publish","type":"product","link":"https:\/\/megacase.com\/de\/produkt\/80er-workstation-4-3-rg\/","title":{"rendered":"80er Workstation 4\/3 + RG"},"content":{"rendered":"<p>mit 4 Schubladen links und 3 F\u00e4chern rechts<br \/>\nWorkstation-Case auf Rollen (2x gebremst) mit 4 Schubladen links<br \/>\nrechts variable Facheinteilung zur Selbstanpassung mit 2 Fachb\u00f6den, auf rechter Seite unten hinten ist ein Kabeleinlass,<br \/>\nrechte Seite R\u00fcckwand sind L\u00fcftungsschalen f\u00fcr W\u00e4rmeauslass, oben eine Ablage inkl. einer Kabeldurchf\u00fchrung rechts in der Ecke hinten,<br \/>\noberer Deckel ist zum klappen und wird mit D\u00e4mpfern gehalten,<br \/>\nDeckplatte ist aus Polycarbonat, vorderer Deckel ist geteilt, in rechter Deckelseite befindet sich ein ausklappbarer Tisch;<br \/>\n9 mm Birkenmultiplex beschichtet,<br \/>\nFarbe: grau RAL 7046<br \/>\n35 x 35 mm Alukante,<br \/>\n3 Butterfly-Verschl\u00fcsse gro\u00df V3 ,<br \/>\n8 Klappgriffe mittel,<br \/>\nKantengriff oben<br \/>\n8 Stahlkugelecken gro\u00df gestuft,<br \/>\n4 Lenkrollen davon 2 gebremst<br \/>\nInnenausbau<br \/>\nhergestellt in Deutschland<\/p>\n<p>Au\u00dfenma\u00dfe BxTxH825x655x1220 mm<br \/>\nGewicht: ca. 60 kg<br \/>\nHergestellt in Deutschland<\/p>\n","protected":false},"excerpt":{"rendered":"<p>mit 4 Schubladen links und 3 F\u00e4chern rechts Workstation-Case auf Rollen (2x gebremst) mit 4 Schubladen links rechts variable Facheinteilung<\/p>\n","protected":false},"featured_media":168972,"template":"","meta":{"_acf_changed":false},"product_brand":[],"product_cat":[15072],"product_tag":[14577],"class_list":{"0":"post-165546","1":"product","2":"type-product","3":"status-publish","4":"has-post-thumbnail","6":"product_cat-sicherheit","7":"product_tag-schubladen","9":"first","10":"instock","11":"taxable","12":"shipping-taxable","13":"purchasable","14":"product-type-simple"},"acf":[],"_links":{"self":[{"href":"https:\/\/megacase.com\/de\/wp-json\/wp\/v2\/product\/165546","targetHints":{"allow":["GET"]}}],"collection":[{"href":"https:\/\/megacase.com\/de\/wp-json\/wp\/v2\/product"}],"about":[{"href":"https:\/\/megacase.com\/de\/wp-json\/wp\/v2\/types\/product"}],"wp:featuredmedia":[{"embeddable":true,"href":"https:\/\/megacase.com\/de\/wp-json\/wp\/v2\/media\/168972"}],"wp:attachment":[{"href":"https:\/\/megacase.com\/de\/wp-json\/wp\/v2\/media?parent=165546"}],"wp:term":[{"taxonomy":"product_brand","embeddable":true,"href":"https:\/\/megacase.com\/de\/wp-json\/wp\/v2\/product_brand?post=165546"},{"taxonomy":"product_cat","embeddable":true,"href":"https:\/\/megacase.com\/de\/wp-json\/wp\/v2\/product_cat?post=165546"},{"taxonomy":"product_tag","embeddable":true,"href":"https:\/\/megacase.com\/de\/wp-json\/wp\/v2\/product_tag?post=165546"}],"curies":[{"name":"wp","href":"https:\/\/api.w.org\/{rel}","templated":true}]}}