{"id":162858,"date":"2020-03-26T08:51:29","date_gmt":"2020-03-26T07:51:29","guid":{"rendered":"https:\/\/megacase.com\/?post_type=product&#038;p=162858"},"modified":"2026-03-25T15:42:26","modified_gmt":"2026-03-25T14:42:26","slug":"haubencase-fohhn-xt-33-2in1-farbig","status":"publish","type":"product","link":"https:\/\/megacase.com\/de\/produkt\/haubencase-fohhn-xt-33-2in1-farbig\/","title":{"rendered":"Haubencase Fohhn XT-33 2in1 farbig"},"content":{"rendered":"<p>Case f\u00fcr 2x Fohn XT 22 Box (hinten steht Ring\u00f6se 2cm \u00fcber)<br \/>\nHaubencase mit 4x Butterflyverschlu\u00df mittel,<br \/>\n2x Klappgriff in Schale,<br \/>\n7mm Birkenmultiplex farbig beschichtet<br \/>\n25er Kante,<br \/>\nKugelecken<br \/>\nMitteltrennwand,<br \/>\nvollfl\u00e4chige Schaumstoffpolsterung<\/p>\n<p>&nbsp;<\/p>\n<p>gew\u00fcnschte RAL Farbe bitte im Kommentarfeld angeben<\/p>\n","protected":false},"excerpt":{"rendered":"<p>Case f\u00fcr 2x Fohn XT 22 Box (hinten steht Ring\u00f6se 2cm \u00fcber) Haubencase mit 4x Butterflyverschlu\u00df mittel, 2x Klappgriff in<\/p>\n","protected":false},"featured_media":25695,"template":"","meta":{"_acf_changed":false},"product_brand":[],"product_cat":[13508],"product_tag":[],"class_list":{"0":"post-162858","1":"product","2":"type-product","3":"status-publish","4":"has-post-thumbnail","6":"product_cat-universal-flightcases","8":"first","9":"instock","10":"taxable","11":"shipping-taxable","12":"purchasable","13":"product-type-simple"},"acf":[],"_links":{"self":[{"href":"https:\/\/megacase.com\/de\/wp-json\/wp\/v2\/product\/162858","targetHints":{"allow":["GET"]}}],"collection":[{"href":"https:\/\/megacase.com\/de\/wp-json\/wp\/v2\/product"}],"about":[{"href":"https:\/\/megacase.com\/de\/wp-json\/wp\/v2\/types\/product"}],"wp:featuredmedia":[{"embeddable":true,"href":"https:\/\/megacase.com\/de\/wp-json\/wp\/v2\/media\/25695"}],"wp:attachment":[{"href":"https:\/\/megacase.com\/de\/wp-json\/wp\/v2\/media?parent=162858"}],"wp:term":[{"taxonomy":"product_brand","embeddable":true,"href":"https:\/\/megacase.com\/de\/wp-json\/wp\/v2\/product_brand?post=162858"},{"taxonomy":"product_cat","embeddable":true,"href":"https:\/\/megacase.com\/de\/wp-json\/wp\/v2\/product_cat?post=162858"},{"taxonomy":"product_tag","embeddable":true,"href":"https:\/\/megacase.com\/de\/wp-json\/wp\/v2\/product_tag?post=162858"}],"curies":[{"name":"wp","href":"https:\/\/api.w.org\/{rel}","templated":true}]}}