{"id":161889,"date":"2020-03-11T09:57:48","date_gmt":"2020-03-11T08:57:48","guid":{"rendered":"https:\/\/megacase.com\/?post_type=product&#038;p=161889"},"modified":"2026-03-25T15:42:27","modified_gmt":"2026-03-25T14:42:27","slug":"double-door-amp-case-fuer-2-x-amp-inkl-4he-19-einheit","status":"publish","type":"product","link":"https:\/\/megacase.com\/de\/produkt\/double-door-amp-case-fuer-2-x-amp-inkl-4he-19-einheit\/","title":{"rendered":"Double Door Amp Case f\u00fcr 2 x Amp inkl. 4HE 19&#8243; Einheit"},"content":{"rendered":"<p>Double Door Amp Case f\u00fcr 2 Amps und einer 4 HE 19 Zoll Rackeinheit \u00fcber den beiden Amps.<br \/>\nDie einzelnen Ebenen haben eine Kabeldurchf\u00fchrung<br \/>\nWICHTIG: Bei Bestellung die exakten Bezeichnungen der verwendeten Amps mit angeben. Danach wird das Case angepasst.<br \/>\nAus 6,5 mm Birken Multiplex Mehrschichtholz<br \/>\nFarbe Phenolharz beschichtet braun<br \/>\n30&#215;30 mm Alukante<br \/>\n8 Butterfly Verschl\u00fcsse<br \/>\n4 Klappgriffe<br \/>\n8 Stahlkugelecken<br \/>\n4 Lenkrollen 100 mm inkl. 2 gebremsten Rollen<br \/>\nRackschienen mit Keder und Befestigungsschraube f\u00fcr 4 HE<\/p>\n","protected":false},"excerpt":{"rendered":"<p>Double Door Amp Case f\u00fcr 2 Amps und einer 4 HE 19 Zoll Rackeinheit \u00fcber den beiden Amps. Die einzelnen<\/p>\n","protected":false},"featured_media":0,"template":"","meta":{"_acf_changed":false},"product_brand":[],"product_cat":[13499,13594],"product_tag":[],"class_list":{"0":"post-161889","1":"product","2":"type-product","3":"status-publish","5":"product_cat-amp-cases","6":"product_cat-cases-fuer-gitarre-bass-cases","8":"first","9":"instock","10":"taxable","11":"shipping-taxable","12":"purchasable","13":"product-type-simple"},"acf":[],"_links":{"self":[{"href":"https:\/\/megacase.com\/de\/wp-json\/wp\/v2\/product\/161889","targetHints":{"allow":["GET"]}}],"collection":[{"href":"https:\/\/megacase.com\/de\/wp-json\/wp\/v2\/product"}],"about":[{"href":"https:\/\/megacase.com\/de\/wp-json\/wp\/v2\/types\/product"}],"wp:attachment":[{"href":"https:\/\/megacase.com\/de\/wp-json\/wp\/v2\/media?parent=161889"}],"wp:term":[{"taxonomy":"product_brand","embeddable":true,"href":"https:\/\/megacase.com\/de\/wp-json\/wp\/v2\/product_brand?post=161889"},{"taxonomy":"product_cat","embeddable":true,"href":"https:\/\/megacase.com\/de\/wp-json\/wp\/v2\/product_cat?post=161889"},{"taxonomy":"product_tag","embeddable":true,"href":"https:\/\/megacase.com\/de\/wp-json\/wp\/v2\/product_tag?post=161889"}],"curies":[{"name":"wp","href":"https:\/\/api.w.org\/{rel}","templated":true}]}}