{"id":158359,"date":"2020-01-30T11:01:29","date_gmt":"2020-01-30T10:01:29","guid":{"rendered":"https:\/\/megacase.com\/?post_type=product&#038;p=158359"},"modified":"2026-03-25T15:42:30","modified_gmt":"2026-03-25T14:42:30","slug":"haubencase-zero-88-jester-24-48","status":"publish","type":"product","link":"https:\/\/megacase.com\/de\/produkt\/haubencase-zero-88-jester-24-48\/","title":{"rendered":"Haubencase Zero 88 Jester 24\/48"},"content":{"rendered":"<p>Stabiles und strapazierf\u00e4higes Transport Flightcase aus Birken Multiplex Mehrschicht Holz.<br \/>\nNach den Ger\u00e4tema\u00dfe gebaut f\u00fcr ein Zero 88 Jester 24\/48. Das Pult kann direkt im Unterteil<br \/>\nstehend betrieben werden.<br \/>\naus 6,5 mm Birkenmultiplex Holz<br \/>\nFarbe Phenolharz bechichtet braun<br \/>\n30&#215;30 mm Alukante<br \/>\n1-4 cm Schaumstoffpolsterung<br \/>\n2 gefederte Butterfly-Verschl\u00fcsse medium<br \/>\n1 Koffergriff aus hochwertigem Kunstleder<br \/>\n4 Kugelecken mittel<br \/>\n4 Kugelecken mittel L-Ecke<br \/>\nGummif\u00fc\u00dfe<br \/>\nhergestellt in Deutschland<br \/>\nAu\u00dfenma\u00dfe BxTxH 775x375x195 mm<br \/>\nGewicht ca. 6,7 kg<\/p>\n","protected":false},"excerpt":{"rendered":"<p>Stabiles und strapazierf\u00e4higes Transport Flightcase aus Birken Multiplex Mehrschicht Holz. Nach den Ger\u00e4tema\u00dfe gebaut f\u00fcr ein Zero 88 Jester 24\/48.<\/p>\n","protected":false},"featured_media":158368,"template":"","meta":{"_acf_changed":false},"product_brand":[],"product_cat":[13495,13627],"product_tag":[],"class_list":{"0":"post-158359","1":"product","2":"type-product","3":"status-publish","4":"has-post-thumbnail","6":"product_cat-mischpult-cases","7":"product_cat-lichtcases","9":"first","10":"instock","11":"taxable","12":"shipping-taxable","13":"purchasable","14":"product-type-simple"},"acf":[],"_links":{"self":[{"href":"https:\/\/megacase.com\/de\/wp-json\/wp\/v2\/product\/158359","targetHints":{"allow":["GET"]}}],"collection":[{"href":"https:\/\/megacase.com\/de\/wp-json\/wp\/v2\/product"}],"about":[{"href":"https:\/\/megacase.com\/de\/wp-json\/wp\/v2\/types\/product"}],"wp:featuredmedia":[{"embeddable":true,"href":"https:\/\/megacase.com\/de\/wp-json\/wp\/v2\/media\/158368"}],"wp:attachment":[{"href":"https:\/\/megacase.com\/de\/wp-json\/wp\/v2\/media?parent=158359"}],"wp:term":[{"taxonomy":"product_brand","embeddable":true,"href":"https:\/\/megacase.com\/de\/wp-json\/wp\/v2\/product_brand?post=158359"},{"taxonomy":"product_cat","embeddable":true,"href":"https:\/\/megacase.com\/de\/wp-json\/wp\/v2\/product_cat?post=158359"},{"taxonomy":"product_tag","embeddable":true,"href":"https:\/\/megacase.com\/de\/wp-json\/wp\/v2\/product_tag?post=158359"}],"curies":[{"name":"wp","href":"https:\/\/api.w.org\/{rel}","templated":true}]}}