{"id":151004,"date":"2019-10-28T10:12:56","date_gmt":"2019-10-28T09:12:56","guid":{"rendered":"https:\/\/megacase.com\/?post_type=product&#038;p=151004"},"modified":"2026-03-25T15:42:42","modified_gmt":"2026-03-25T14:42:42","slug":"custom-koffercase-live","status":"publish","type":"product","link":"https:\/\/megacase.com\/de\/produkt\/custom-koffercase-live\/","title":{"rendered":"Custom Koffercase Live"},"content":{"rendered":"<p>Innenma\u00df 450x350x250,<br \/>\nDeckel abnehmbar,<br \/>\n7mm Birke blau (RAL 5005),<br \/>\n25 x 25mm Alukante,<br \/>\n4 Schnappschl\u00f6\u00dfer,<br \/>\n1 Ledergriff,<br \/>\n8 Kugelecken mittel<\/p>\n","protected":false},"excerpt":{"rendered":"<p>Innenma\u00df 450x350x250, Deckel abnehmbar, 7mm Birke blau (RAL 5005), 25 x 25mm Alukante, 4 Schnappschl\u00f6\u00dfer, 1 Ledergriff, 8 Kugelecken mittel<\/p>\n","protected":false},"featured_media":156483,"template":"","meta":{"_acf_changed":false},"product_brand":[],"product_cat":[13981],"product_tag":[],"class_list":{"0":"post-151004","1":"product","2":"type-product","3":"status-publish","4":"has-post-thumbnail","6":"product_cat-unkategorisiert","8":"first","9":"instock","10":"taxable","11":"shipping-taxable","12":"purchasable","13":"product-type-simple"},"acf":[],"_links":{"self":[{"href":"https:\/\/megacase.com\/de\/wp-json\/wp\/v2\/product\/151004","targetHints":{"allow":["GET"]}}],"collection":[{"href":"https:\/\/megacase.com\/de\/wp-json\/wp\/v2\/product"}],"about":[{"href":"https:\/\/megacase.com\/de\/wp-json\/wp\/v2\/types\/product"}],"wp:featuredmedia":[{"embeddable":true,"href":"https:\/\/megacase.com\/de\/wp-json\/wp\/v2\/media\/156483"}],"wp:attachment":[{"href":"https:\/\/megacase.com\/de\/wp-json\/wp\/v2\/media?parent=151004"}],"wp:term":[{"taxonomy":"product_brand","embeddable":true,"href":"https:\/\/megacase.com\/de\/wp-json\/wp\/v2\/product_brand?post=151004"},{"taxonomy":"product_cat","embeddable":true,"href":"https:\/\/megacase.com\/de\/wp-json\/wp\/v2\/product_cat?post=151004"},{"taxonomy":"product_tag","embeddable":true,"href":"https:\/\/megacase.com\/de\/wp-json\/wp\/v2\/product_tag?post=151004"}],"curies":[{"name":"wp","href":"https:\/\/api.w.org\/{rel}","templated":true}]}}