{"id":133426,"date":"2019-03-12T06:52:22","date_gmt":"2019-03-12T05:52:22","guid":{"rendered":"https:\/\/megacase.com\/?post_type=product&#038;p=133426"},"modified":"2026-03-25T15:51:51","modified_gmt":"2026-03-25T14:51:51","slug":"winkelcase-epson-eh-ls100-rg","status":"publish","type":"product","link":"https:\/\/megacase.com\/de\/produkt\/winkelcase-epson-eh-ls100-rg\/","title":{"rendered":"Winkelcase Epson EH LS100 + RG"},"content":{"rendered":"<p>Winkelflightcase in schiefergrau auf Rollen (2x gebremst) mit einer Ablage<br \/>\nauf einer H\u00f6he von 400mm f\u00fcr einen Epson EH LS100, Ablagefl\u00e4che hat einen<br \/>\nKabeldurchlass nach unten zum Zubeh\u00f6r; 7mm Birkenmultiplex schiefergrau<br \/>\nbeschichtet (RAL 7015), 25 x 25 mm Alukante, 4 Butterfly-Verschl\u00fcsse mittel,<br \/>\n2 Klappgriffe mittel, 8 Stahlkugelecken mittel, Innenausbau, 4 Lenkrollen<br \/>\ndavon 2 gebremst) hergestellt in Deutschland<\/p>\n","protected":false},"excerpt":{"rendered":"<p>Winkelflightcase in schiefergrau auf Rollen (2x gebremst) mit einer Ablage auf einer H\u00f6he von 400mm f\u00fcr einen Epson EH LS100,<\/p>\n","protected":false},"featured_media":141368,"template":"","meta":{"_acf_changed":false},"product_brand":[],"product_cat":[13553,13626],"product_tag":[13930],"class_list":{"0":"post-133426","1":"product","2":"type-product","3":"status-publish","4":"has-post-thumbnail","6":"product_cat-beamercases-und-zubehoer-koffer","7":"product_cat-haubencase","8":"product_tag-beamer","10":"first","11":"instock","12":"taxable","13":"shipping-taxable","14":"purchasable","15":"product-type-simple"},"acf":[],"_links":{"self":[{"href":"https:\/\/megacase.com\/de\/wp-json\/wp\/v2\/product\/133426","targetHints":{"allow":["GET"]}}],"collection":[{"href":"https:\/\/megacase.com\/de\/wp-json\/wp\/v2\/product"}],"about":[{"href":"https:\/\/megacase.com\/de\/wp-json\/wp\/v2\/types\/product"}],"wp:featuredmedia":[{"embeddable":true,"href":"https:\/\/megacase.com\/de\/wp-json\/wp\/v2\/media\/141368"}],"wp:attachment":[{"href":"https:\/\/megacase.com\/de\/wp-json\/wp\/v2\/media?parent=133426"}],"wp:term":[{"taxonomy":"product_brand","embeddable":true,"href":"https:\/\/megacase.com\/de\/wp-json\/wp\/v2\/product_brand?post=133426"},{"taxonomy":"product_cat","embeddable":true,"href":"https:\/\/megacase.com\/de\/wp-json\/wp\/v2\/product_cat?post=133426"},{"taxonomy":"product_tag","embeddable":true,"href":"https:\/\/megacase.com\/de\/wp-json\/wp\/v2\/product_tag?post=133426"}],"curies":[{"name":"wp","href":"https:\/\/api.w.org\/{rel}","templated":true}]}}