{"id":132261,"date":"2019-02-28T12:29:34","date_gmt":"2019-02-28T11:29:34","guid":{"rendered":"https:\/\/megacase.com\/?post_type=product&#038;p=132261"},"modified":"2026-03-25T15:51:55","modified_gmt":"2026-03-25T14:51:55","slug":"trennwandset-zubehoercase-2-x-3-box","status":"publish","type":"product","link":"https:\/\/megacase.com\/de\/produkt\/trennwandset-zubehoercase-2-x-3-box\/","title":{"rendered":"Trennwandset Zubeh\u00f6rcase E2 Euronorm"},"content":{"rendered":"<p>ma\u00dfgefertigte Trennw\u00e4nde f\u00fcr Zubeh\u00f6rcase 1&#215;3 oder 2&#215;3 Box bzw. E2-K\u00e4sten<a href=\"https:\/\/megacase.com\/de\/?s=euronorm&amp;post_type=product\"><\/a><br \/>\nSatz besteht aus zwei Quer-und zwei L\u00e4ngs-Trennw\u00e4nden<\/p>\n<p>9 mm Multiplex Phenol braun<br \/>\nKanten gerundet<br \/>\nEinteilung in 5cm und 7cm Schritten<\/p>\n<p>** Hinweis: Die Zubeh\u00f6rbox Euronorm E2 ist nicht im Angebot enthalten.<br \/>\nBitte separat unter Art-Nr. ZUB3186 bestellen.<\/p>\n<p>hergestellt in Deutschland<br \/>\nMa\u00dfe BxTxH 55 x 35 x 19,5 cm<br \/>\nGewicht ca. 2 kg<\/p>\n","protected":false},"excerpt":{"rendered":"<p>ma\u00dfgefertigte Trennw\u00e4nde f\u00fcr Zubeh\u00f6rcase 1&#215;3 oder 2&#215;3 Box bzw. E2-K\u00e4sten Satz besteht aus zwei Quer-und zwei L\u00e4ngs-Trennw\u00e4nden 9 mm Multiplex<\/p>\n","protected":false},"featured_media":132274,"template":"","meta":{"_acf_changed":false},"product_brand":[],"product_cat":[13512],"product_tag":[16484],"class_list":{"0":"post-132261","1":"product","2":"type-product","3":"status-publish","4":"has-post-thumbnail","6":"product_cat-case-zubehoer","7":"product_tag-euronorm","9":"first","10":"instock","11":"taxable","12":"shipping-taxable","13":"purchasable","14":"product-type-simple"},"acf":[],"_links":{"self":[{"href":"https:\/\/megacase.com\/de\/wp-json\/wp\/v2\/product\/132261","targetHints":{"allow":["GET"]}}],"collection":[{"href":"https:\/\/megacase.com\/de\/wp-json\/wp\/v2\/product"}],"about":[{"href":"https:\/\/megacase.com\/de\/wp-json\/wp\/v2\/types\/product"}],"wp:featuredmedia":[{"embeddable":true,"href":"https:\/\/megacase.com\/de\/wp-json\/wp\/v2\/media\/132274"}],"wp:attachment":[{"href":"https:\/\/megacase.com\/de\/wp-json\/wp\/v2\/media?parent=132261"}],"wp:term":[{"taxonomy":"product_brand","embeddable":true,"href":"https:\/\/megacase.com\/de\/wp-json\/wp\/v2\/product_brand?post=132261"},{"taxonomy":"product_cat","embeddable":true,"href":"https:\/\/megacase.com\/de\/wp-json\/wp\/v2\/product_cat?post=132261"},{"taxonomy":"product_tag","embeddable":true,"href":"https:\/\/megacase.com\/de\/wp-json\/wp\/v2\/product_tag?post=132261"}],"curies":[{"name":"wp","href":"https:\/\/api.w.org\/{rel}","templated":true}]}}