{"id":132210,"date":"2019-02-28T07:58:50","date_gmt":"2019-02-28T06:58:50","guid":{"rendered":"https:\/\/megacase.com\/?post_type=product&#038;p=132210"},"modified":"2026-03-25T15:51:56","modified_gmt":"2026-03-25T14:51:56","slug":"zubehoercase-2x5-kisten-e2-euronorm","status":"publish","type":"product","link":"https:\/\/megacase.com\/de\/produkt\/zubehoercase-2x5-kisten-e2-euronorm\/","title":{"rendered":"Zubeh\u00f6rcase 2&#215;5 Kisten E2 Euronorm"},"content":{"rendered":"<p>Ideal zum Sortieren von Kabeln und Kleinkram auf der B\u00fchne.<br \/>\nDie 10 Kunststoffk\u00e4sten Euronorm E2 Stapelkisten kann man zus\u00e4tzlich mit einem Trennwandset unterteilen (siehe 328318)<\/p>\n<p>9 mm Multiplex Phenol braun<br \/>\n30&#215;30 mm Alukante<br \/>\n8 L-Ecke gro\u00df<br \/>\n2 Butterfly mittel<br \/>\n8 Klappgriff medium<br \/>\n4 Scharnier 6-Loch<br \/>\n8 Stahlkugelecke gro\u00df<br \/>\n8 Lenkrollen 100 mm, davon 4 gebremst<br \/>\n2x 5 Euronorm E2 Stapelkisten (BxTxH) 565 x 365 x 195 mm<br \/>\nauch in anderen Varianten erh\u00e4ltlich (z.B 2 x 3 oder 2 x 4 K\u00e4sten)<br \/>\nAuflagewinkel aus Alu<\/p>\n<p>hergestellt in Deutschland<br \/>\nAu\u00dfenma\u00dfe BxTxH 850x660x1255 mm<br \/>\nGewicht: 75 kg<\/p>\n","protected":false},"excerpt":{"rendered":"<p>Ideal zum Sortieren von Kabeln und Kleinkram auf der B\u00fchne. Die 10 Kunststoffk\u00e4sten Euronorm E2 Stapelkisten kann man zus\u00e4tzlich mit<\/p>\n","protected":false},"featured_media":278667,"template":"","meta":{"_acf_changed":false},"product_brand":[],"product_cat":[13508,13565],"product_tag":[16484],"class_list":{"0":"post-132210","1":"product","2":"type-product","3":"status-publish","4":"has-post-thumbnail","6":"product_cat-universal-flightcases","7":"product_cat-catering-und-event-cases","8":"product_tag-euronorm","10":"first","11":"instock","12":"taxable","13":"shipping-taxable","14":"purchasable","15":"product-type-simple"},"acf":[],"_links":{"self":[{"href":"https:\/\/megacase.com\/de\/wp-json\/wp\/v2\/product\/132210","targetHints":{"allow":["GET"]}}],"collection":[{"href":"https:\/\/megacase.com\/de\/wp-json\/wp\/v2\/product"}],"about":[{"href":"https:\/\/megacase.com\/de\/wp-json\/wp\/v2\/types\/product"}],"wp:featuredmedia":[{"embeddable":true,"href":"https:\/\/megacase.com\/de\/wp-json\/wp\/v2\/media\/278667"}],"wp:attachment":[{"href":"https:\/\/megacase.com\/de\/wp-json\/wp\/v2\/media?parent=132210"}],"wp:term":[{"taxonomy":"product_brand","embeddable":true,"href":"https:\/\/megacase.com\/de\/wp-json\/wp\/v2\/product_brand?post=132210"},{"taxonomy":"product_cat","embeddable":true,"href":"https:\/\/megacase.com\/de\/wp-json\/wp\/v2\/product_cat?post=132210"},{"taxonomy":"product_tag","embeddable":true,"href":"https:\/\/megacase.com\/de\/wp-json\/wp\/v2\/product_tag?post=132210"}],"curies":[{"name":"wp","href":"https:\/\/api.w.org\/{rel}","templated":true}]}}