{"id":132116,"date":"2019-02-27T15:45:17","date_gmt":"2019-02-27T14:45:17","guid":{"rendered":"https:\/\/megacase.com\/?post_type=product&#038;p=132116"},"modified":"2026-03-25T15:51:59","modified_gmt":"2026-03-25T14:51:59","slug":"zubehoercase-1x5-kisten-e2-euronorm","status":"publish","type":"product","link":"https:\/\/megacase.com\/de\/produkt\/zubehoercase-1x5-kisten-e2-euronorm\/","title":{"rendered":"Zubeh\u00f6rcase 1&#215;5 Kisten E2 Euronorm"},"content":{"rendered":"<p><a href=\"https:\/\/megacase.com\/de\/?s=euronorm&amp;post_type=product\"><\/a>Ideal zum sortieren von Kabel und Kleinkram auf der B\u00fchne und FOH (front of House).<br \/>\nDie Kunststoffk\u00e4sten kann man zus\u00e4tzlich mit einem Trennwandset unterteilen(siehe <a href=\"https:\/\/megacase.com\/de\/produkt\/trennwandset-zubehoercase-2-x-3-box\/\">328318<\/a>)<br \/>\nT\u00fcranschlag links<\/p>\n<p>9 mm Multiplex farbig beschichtet<br \/>\n&#8211; Farbe aus unserer Farbkarte frei w\u00e4hlbar<br \/>\n30&#215;30 mm Alukante<br \/>\n2 gefederte Butterflyverschl\u00fcsse medium<br \/>\n2 Klappgriffe mittel<br \/>\n3 Scharniere 6-Loch<br \/>\n8 gro\u00dfe gestufte Kugelecken<br \/>\n4 Lenkrollen 100mm &#8222;Blue Wheels&#8220; bis 450 kg belastbar (2 davon gebremst)<br \/>\n5 Einschubk\u00e4sten (BxTxH) 565x365x195 mm<br \/>\nauch in anderen Varianten erh\u00e4ltlich (z.B 1 x 4 K\u00e4sten)<br \/>\nAuflagewinkel aus Alu<\/p>\n<p>Hergestellt in Deutschland<br \/>\nAu\u00dfenma\u00dfe BxTxH: ca. 660 x 500 x 1255 mm<br \/>\nGewicht: ca. 45,6 kg<\/p>\n<p><a href=\"https:\/\/megacase.com\/de\/farben-beschichtungen\/\">Case-Farbe<\/a><\/p>\n","protected":false},"excerpt":{"rendered":"<p>Ideal zum sortieren von Kabel und Kleinkram auf der B\u00fchne und FOH (front of House). Die Kunststoffk\u00e4sten kann man zus\u00e4tzlich<\/p>\n","protected":false},"featured_media":234973,"template":"","meta":{"_acf_changed":false},"product_brand":[],"product_cat":[13508,13512,13565],"product_tag":[16484],"class_list":{"0":"post-132116","1":"product","2":"type-product","3":"status-publish","4":"has-post-thumbnail","6":"product_cat-universal-flightcases","7":"product_cat-case-zubehoer","8":"product_cat-catering-und-event-cases","9":"product_tag-euronorm","11":"first","12":"instock","13":"taxable","14":"shipping-taxable","15":"purchasable","16":"product-type-simple"},"acf":[],"_links":{"self":[{"href":"https:\/\/megacase.com\/de\/wp-json\/wp\/v2\/product\/132116","targetHints":{"allow":["GET"]}}],"collection":[{"href":"https:\/\/megacase.com\/de\/wp-json\/wp\/v2\/product"}],"about":[{"href":"https:\/\/megacase.com\/de\/wp-json\/wp\/v2\/types\/product"}],"wp:featuredmedia":[{"embeddable":true,"href":"https:\/\/megacase.com\/de\/wp-json\/wp\/v2\/media\/234973"}],"wp:attachment":[{"href":"https:\/\/megacase.com\/de\/wp-json\/wp\/v2\/media?parent=132116"}],"wp:term":[{"taxonomy":"product_brand","embeddable":true,"href":"https:\/\/megacase.com\/de\/wp-json\/wp\/v2\/product_brand?post=132116"},{"taxonomy":"product_cat","embeddable":true,"href":"https:\/\/megacase.com\/de\/wp-json\/wp\/v2\/product_cat?post=132116"},{"taxonomy":"product_tag","embeddable":true,"href":"https:\/\/megacase.com\/de\/wp-json\/wp\/v2\/product_tag?post=132116"}],"curies":[{"name":"wp","href":"https:\/\/api.w.org\/{rel}","templated":true}]}}