{"id":124808,"date":"2018-11-27T15:55:27","date_gmt":"2018-11-27T14:55:27","guid":{"rendered":"https:\/\/megacase.com\/?post_type=product&#038;p=124808"},"modified":"2026-03-25T15:52:14","modified_gmt":"2026-03-25T14:52:14","slug":"haubencase-auf-rollen-fuer-hk-audio-premium-pro12a","status":"publish","type":"product","link":"https:\/\/megacase.com\/de\/produkt\/haubencase-auf-rollen-fuer-hk-audio-premium-pro12a\/","title":{"rendered":"Haubencase auf Rollen f\u00fcr HK Audio Premium PR:O12A"},"content":{"rendered":"<p>Live Haubencase in schwarz auf Rollen (2x gebremst) mit Schaumstoffpolsterung<br \/>\nf\u00fcr eine HK audio Premium PR:O12A;<br \/>\n7mm Birkenmultiplex schwarz , 30 x 30mm Alukante, Schaumstoffpolsterung,<br \/>\n2 gefederte Butterfly-Verschl\u00fc\u00dfe gro\u00df, 2 Klappgriffe, 8 Stahlkugelecken mittel, hergestellt in Deutschland<\/p>\n","protected":false},"excerpt":{"rendered":"<p>Live Haubencase in schwarz auf Rollen (2x gebremst) mit Schaumstoffpolsterung f\u00fcr eine HK audio Premium PR:O12A; 7mm Birkenmultiplex schwarz ,<\/p>\n","protected":false},"featured_media":124810,"template":"","meta":{"_acf_changed":false},"product_brand":[],"product_cat":[13579,13626],"product_tag":[],"class_list":{"0":"post-124808","1":"product","2":"type-product","3":"status-publish","4":"has-post-thumbnail","6":"product_cat-audio-cases","7":"product_cat-haubencase","9":"first","10":"instock","11":"taxable","12":"shipping-taxable","13":"purchasable","14":"product-type-simple"},"acf":[],"_links":{"self":[{"href":"https:\/\/megacase.com\/de\/wp-json\/wp\/v2\/product\/124808","targetHints":{"allow":["GET"]}}],"collection":[{"href":"https:\/\/megacase.com\/de\/wp-json\/wp\/v2\/product"}],"about":[{"href":"https:\/\/megacase.com\/de\/wp-json\/wp\/v2\/types\/product"}],"wp:featuredmedia":[{"embeddable":true,"href":"https:\/\/megacase.com\/de\/wp-json\/wp\/v2\/media\/124810"}],"wp:attachment":[{"href":"https:\/\/megacase.com\/de\/wp-json\/wp\/v2\/media?parent=124808"}],"wp:term":[{"taxonomy":"product_brand","embeddable":true,"href":"https:\/\/megacase.com\/de\/wp-json\/wp\/v2\/product_brand?post=124808"},{"taxonomy":"product_cat","embeddable":true,"href":"https:\/\/megacase.com\/de\/wp-json\/wp\/v2\/product_cat?post=124808"},{"taxonomy":"product_tag","embeddable":true,"href":"https:\/\/megacase.com\/de\/wp-json\/wp\/v2\/product_tag?post=124808"}],"curies":[{"name":"wp","href":"https:\/\/api.w.org\/{rel}","templated":true}]}}