{"id":123558,"date":"2018-11-12T12:02:55","date_gmt":"2018-11-12T11:02:55","guid":{"rendered":"https:\/\/megacase.com\/?post_type=product&#038;p=123558"},"modified":"2026-03-25T15:52:18","modified_gmt":"2026-03-25T14:52:18","slug":"ramazzotti-koffer","status":"publish","type":"product","link":"https:\/\/megacase.com\/de\/produkt\/ramazzotti-koffer\/","title":{"rendered":"Ramazzotti-Koffer"},"content":{"rendered":"<p>Ein origineller Koffer f\u00fcr Liebhaber von Ramazzotti f\u00fcr unterwegs.<br \/>\nOb als Gastgeschenk oder Einsatzkoffer f\u00fcr Auftritte, ziehen sie mit diesem Case die Aufmerksamkeit mit Sicherheit auf sich.<br \/>\nPassendes Formbett f\u00fcr: 3 Gl\u00e4ser und eine 0,7 l Flasche Ramazzotti ( Ramazzotti ist nicht im Lieferumfang enthalten )<br \/>\n6,8 mm Birkenmultiplex phenolharz beschichtet<br \/>\nFarbe: schwarz<br \/>\n1 eleganter Koffergriff verchromt<br \/>\n2 hochwertige Clipschl\u00f6sser<br \/>\n2 Feststellscharniere<br \/>\npassgenau gefr\u00e4stes Inlay<br \/>\nStahlkugelecken<br \/>\nHergestellt in Deutschland<br \/>\nAu\u00dfenma\u00dfe BxHxT 475x125x345 mm<br \/>\nGewicht ca.: 4,5 kg<\/p>\n<p>Hinweis: Die Ramazzotti Flasche ist nicht im Lieferunmfang enthalten.<\/p>\n","protected":false},"excerpt":{"rendered":"<p>Ein origineller Koffer f\u00fcr Liebhaber von Ramazzotti f\u00fcr unterwegs | Passendes Formbett f\u00fcr: 3 Gl\u00e4ser und eine 0,7 l Flasche Ramazzotti<\/p>\n","protected":false},"featured_media":270508,"template":"","meta":{"_acf_changed":false},"product_brand":[],"product_cat":[15370],"product_tag":[16443],"class_list":{"0":"post-123558","1":"product","2":"type-product","3":"status-publish","4":"has-post-thumbnail","6":"product_cat-fun-cases","7":"product_tag-blackfriday-fr-2","9":"first","10":"instock","11":"taxable","12":"shipping-taxable","13":"purchasable","14":"product-type-simple"},"acf":[],"_links":{"self":[{"href":"https:\/\/megacase.com\/de\/wp-json\/wp\/v2\/product\/123558","targetHints":{"allow":["GET"]}}],"collection":[{"href":"https:\/\/megacase.com\/de\/wp-json\/wp\/v2\/product"}],"about":[{"href":"https:\/\/megacase.com\/de\/wp-json\/wp\/v2\/types\/product"}],"wp:featuredmedia":[{"embeddable":true,"href":"https:\/\/megacase.com\/de\/wp-json\/wp\/v2\/media\/270508"}],"wp:attachment":[{"href":"https:\/\/megacase.com\/de\/wp-json\/wp\/v2\/media?parent=123558"}],"wp:term":[{"taxonomy":"product_brand","embeddable":true,"href":"https:\/\/megacase.com\/de\/wp-json\/wp\/v2\/product_brand?post=123558"},{"taxonomy":"product_cat","embeddable":true,"href":"https:\/\/megacase.com\/de\/wp-json\/wp\/v2\/product_cat?post=123558"},{"taxonomy":"product_tag","embeddable":true,"href":"https:\/\/megacase.com\/de\/wp-json\/wp\/v2\/product_tag?post=123558"}],"curies":[{"name":"wp","href":"https:\/\/api.w.org\/{rel}","templated":true}]}}