{"id":117757,"date":"2018-08-21T15:49:43","date_gmt":"2018-08-21T13:49:43","guid":{"rendered":"https:\/\/megacase.com\/?post_type=product&#038;p=117757"},"modified":"2026-03-25T15:34:22","modified_gmt":"2026-03-25T14:34:22","slug":"profi-winkelcase-jura-giga-x3","status":"publish","type":"product","link":"https:\/\/megacase.com\/de\/produkt\/profi-winkelcase-jura-giga-x3\/","title":{"rendered":"Profi Winkelcase Jura Giga X3"},"content":{"rendered":"<p>passend f\u00fcr Jura Giga X3 mit einem Bohnentank<br \/>\nProfi Winkelcase in schwarz, oberer Deckel durchgehend als Haube genutzt,<br \/>\nauf Rollen (2x gebremst) mit Innenausbau,<br \/>\nDeckel oben und vorne abnehmbar, Deckel vorne durchgehend,<br \/>\nim Korpus insgesamt 4 Schubladen von unten nach oben wie folgt:<br \/>\n2 Schubladen mit einer Innenh\u00f6he von 212mm (SH 2,5)<br \/>\n1 Schublade mit einer Innenh\u00f6he von 110mm (SH 1,5)<br \/>\n1 Schublade mit einer Innenh\u00f6he von 56mm (SH 1)<br \/>\nNutztiefe 444 mm, Nutzbreite 471 mm, Schubladen bekommen jeweils einen<br \/>\nRasterschaum vorne und hinten mit 3 Trennbretter zur variablen Einteilung,<br \/>\n\u00fcber Schubladen eine Arbeitsfl\u00e4che auf einer H\u00f6he inkl. Rollen von ca. 900mm,<br \/>\nim oberen Deckel hinten eine Kabeldurchf\u00fchrung, Sicherheitsseil gegen Diebstahl kann an Klappgriff befestigt werden;<br \/>\n9 mm Birkenmultiplex schwarz beschichtet<br \/>\n30 x 30mm Alukante,<br \/>\n8 Butterfly-Verschl\u00fcsse mittel mit \u00d6se f\u00fcr Vorh\u00e4ngeschlo\u00df,<br \/>\n4 Klappgriffe mittel,<br \/>\n8 Stahlkugelecken mittel,<br \/>\n4 Lenkrollen davon 2 gebremst<br \/>\nInnenausbau<br \/>\nSchaumstoff<br \/>\nhergestellt in Deutschland<\/p>\n","protected":false},"excerpt":{"rendered":"<p>passend f\u00fcr Jura Giga X3 mit einem Bohnentank Profi Winkelcase in schwarz, oberer Deckel durchgehend als Haube genutzt, auf Rollen<\/p>\n","protected":false},"featured_media":120130,"template":"","meta":{"_acf_changed":false},"product_brand":[],"product_cat":[13565],"product_tag":[],"class_list":{"0":"post-117757","1":"product","2":"type-product","3":"status-publish","4":"has-post-thumbnail","6":"product_cat-catering-und-event-cases","8":"first","9":"instock","10":"taxable","11":"shipping-taxable","12":"purchasable","13":"product-type-simple"},"acf":[],"_links":{"self":[{"href":"https:\/\/megacase.com\/de\/wp-json\/wp\/v2\/product\/117757","targetHints":{"allow":["GET"]}}],"collection":[{"href":"https:\/\/megacase.com\/de\/wp-json\/wp\/v2\/product"}],"about":[{"href":"https:\/\/megacase.com\/de\/wp-json\/wp\/v2\/types\/product"}],"wp:featuredmedia":[{"embeddable":true,"href":"https:\/\/megacase.com\/de\/wp-json\/wp\/v2\/media\/120130"}],"wp:attachment":[{"href":"https:\/\/megacase.com\/de\/wp-json\/wp\/v2\/media?parent=117757"}],"wp:term":[{"taxonomy":"product_brand","embeddable":true,"href":"https:\/\/megacase.com\/de\/wp-json\/wp\/v2\/product_brand?post=117757"},{"taxonomy":"product_cat","embeddable":true,"href":"https:\/\/megacase.com\/de\/wp-json\/wp\/v2\/product_cat?post=117757"},{"taxonomy":"product_tag","embeddable":true,"href":"https:\/\/megacase.com\/de\/wp-json\/wp\/v2\/product_tag?post=117757"}],"curies":[{"name":"wp","href":"https:\/\/api.w.org\/{rel}","templated":true}]}}