{"id":115914,"date":"2018-07-18T15:08:15","date_gmt":"2018-07-18T13:08:15","guid":{"rendered":"https:\/\/megacase.com\/?post_type=product&#038;p=115914"},"modified":"2026-03-25T15:34:24","modified_gmt":"2026-03-25T14:34:24","slug":"haubencase-elektron-analog-rytm-mkii","status":"publish","type":"product","link":"https:\/\/megacase.com\/de\/produkt\/haubencase-elektron-analog-rytm-mkii\/","title":{"rendered":"Haubencase Elektron Analog Rytm MKII"},"content":{"rendered":"<p>Haubencase Elektron Analog Rytm MKII<\/p>\n<p>Effektives Transport Effekt Case f\u00fcr ein Elektron Analog Rytm MKII<br \/>\nGebaut aus 6,5 mm Birkenmultiplex Holz<br \/>\nPhenolharz beschichtet braun<br \/>\n22&#215;22 mm Alukante,<br \/>\n1 Koffergriff,<br \/>\n2 Butterfly Verschl\u00fcsse,<br \/>\nStahlkugelecken klein,<br \/>\nSchaumstoffpolsterung im Boden und Deckel nach Ma\u00df,<br \/>\n4 Gummif\u00fc\u00dfe 38&#215;11,<br \/>\nAlle Anschl\u00fcsse sind frei zug\u00e4nglich dadurch kann das Ger\u00e4t im Ger\u00e4t bedient werden.<br \/>\nVorhandener Platz f\u00fcr Kabel und Netzteil.<br \/>\nHergestellt in Deutschland. (MC-7555)<\/p>\n","protected":false},"excerpt":{"rendered":"<p>Haubencase Elektron Analog Rytm MKII Effektives Transport Effekt Case f\u00fcr ein Elektron Analog Rytm MKII Gebaut aus 6,5 mm Birkenmultiplex<\/p>\n","protected":false},"featured_media":115915,"template":"","meta":{"_acf_changed":false},"product_brand":[],"product_cat":[13626,14023],"product_tag":[],"class_list":{"0":"post-115914","1":"product","2":"type-product","3":"status-publish","4":"has-post-thumbnail","6":"product_cat-haubencase","7":"product_cat-synthesizer-anwendungsgebiete","9":"first","10":"instock","11":"taxable","12":"shipping-taxable","13":"purchasable","14":"product-type-simple"},"acf":[],"_links":{"self":[{"href":"https:\/\/megacase.com\/de\/wp-json\/wp\/v2\/product\/115914","targetHints":{"allow":["GET"]}}],"collection":[{"href":"https:\/\/megacase.com\/de\/wp-json\/wp\/v2\/product"}],"about":[{"href":"https:\/\/megacase.com\/de\/wp-json\/wp\/v2\/types\/product"}],"wp:featuredmedia":[{"embeddable":true,"href":"https:\/\/megacase.com\/de\/wp-json\/wp\/v2\/media\/115915"}],"wp:attachment":[{"href":"https:\/\/megacase.com\/de\/wp-json\/wp\/v2\/media?parent=115914"}],"wp:term":[{"taxonomy":"product_brand","embeddable":true,"href":"https:\/\/megacase.com\/de\/wp-json\/wp\/v2\/product_brand?post=115914"},{"taxonomy":"product_cat","embeddable":true,"href":"https:\/\/megacase.com\/de\/wp-json\/wp\/v2\/product_cat?post=115914"},{"taxonomy":"product_tag","embeddable":true,"href":"https:\/\/megacase.com\/de\/wp-json\/wp\/v2\/product_tag?post=115914"}],"curies":[{"name":"wp","href":"https:\/\/api.w.org\/{rel}","templated":true}]}}