{"id":114471,"date":"2018-07-02T15:56:51","date_gmt":"2018-07-02T13:56:51","guid":{"rendered":"https:\/\/megacase.com\/?post_type=product&#038;p=114471"},"modified":"2026-03-25T15:34:27","modified_gmt":"2026-03-25T14:34:27","slug":"16he-live-l-rack-70-fuer-yamaha-tf-1-auf-rollen","status":"publish","type":"product","link":"https:\/\/megacase.com\/de\/produkt\/16he-live-l-rack-70-fuer-yamaha-tf-1-auf-rollen\/","title":{"rendered":"16HE Live L-Rack 70 f\u00fcr Yamaha TF-1 auf Rollen"},"content":{"rendered":"<p>16HE Live L-Rack 70 f\u00fcr Yamaha TF-1 auf Rollen<\/p>\n<p>Deckelh\u00f6he angepasst f\u00fcr ein Yamah TF-1<br \/>\n16HE Einbauh\u00f6he,<br \/>\n70cm Nutztiefe,<br \/>\n72cm EInbautiefe,<br \/>\n6,5mm Birkenmultiplex,<br \/>\n25x25mm Alukante,<br \/>\n4x Klappgriff medium,<br \/>\n8x Stahlkugelecke,<br \/>\n7x Butterfly medium,<br \/>\nServiceklappe gro\u00df,<br \/>\nStufenlose Rackschiene mit Gummikeder,<br \/>\n4x100mm Lenkrollen \/ 2 davon gebremst<\/p>\n","protected":false},"excerpt":{"rendered":"<p>16HE Live L-Rack 70 f\u00fcr Yamaha TF-1 auf Rollen Deckelh\u00f6he angepasst f\u00fcr ein Yamah TF-1 16HE Einbauh\u00f6he, 70cm Nutztiefe, 72cm<\/p>\n","protected":false},"featured_media":152581,"template":"","meta":{"_acf_changed":false},"product_brand":[],"product_cat":[13510],"product_tag":[],"class_list":{"0":"post-114471","1":"product","2":"type-product","3":"status-publish","4":"has-post-thumbnail","6":"product_cat-racks","8":"first","9":"instock","10":"taxable","11":"shipping-taxable","12":"purchasable","13":"product-type-simple"},"acf":[],"_links":{"self":[{"href":"https:\/\/megacase.com\/de\/wp-json\/wp\/v2\/product\/114471","targetHints":{"allow":["GET"]}}],"collection":[{"href":"https:\/\/megacase.com\/de\/wp-json\/wp\/v2\/product"}],"about":[{"href":"https:\/\/megacase.com\/de\/wp-json\/wp\/v2\/types\/product"}],"wp:featuredmedia":[{"embeddable":true,"href":"https:\/\/megacase.com\/de\/wp-json\/wp\/v2\/media\/152581"}],"wp:attachment":[{"href":"https:\/\/megacase.com\/de\/wp-json\/wp\/v2\/media?parent=114471"}],"wp:term":[{"taxonomy":"product_brand","embeddable":true,"href":"https:\/\/megacase.com\/de\/wp-json\/wp\/v2\/product_brand?post=114471"},{"taxonomy":"product_cat","embeddable":true,"href":"https:\/\/megacase.com\/de\/wp-json\/wp\/v2\/product_cat?post=114471"},{"taxonomy":"product_tag","embeddable":true,"href":"https:\/\/megacase.com\/de\/wp-json\/wp\/v2\/product_tag?post=114471"}],"curies":[{"name":"wp","href":"https:\/\/api.w.org\/{rel}","templated":true}]}}